{"id":206,"date":"2017-11-15T16:40:50","date_gmt":"2017-11-15T15:40:50","guid":{"rendered":"https:\/\/www.camping-sainte-madeleine.com\/?page_id=206"},"modified":"2026-01-08T17:31:58","modified_gmt":"2026-01-08T16:31:58","slug":"la-region","status":"publish","type":"page","link":"https:\/\/www.camping-sainte-madeleine.com\/fr\/la-region\/","title":{"rendered":"La R\u00e9gion"},"content":{"rendered":"<h2 style=\"text-align: center;\">Des rivages de la M\u00e9diterran\u00e9e aux sommets alpins<\/h2>\n<p style=\"text-align: left;\">Partez \u00e0 la d\u00e9couverte du patrimoine naturel, historique et culturel du moyen et du haut-pays des Alpes-Maritimes. La douceur du climat et la beaut\u00e9 du littoral ont depuis toujours fait la r\u00e9putation de cette terre, de richesses naturelles, de tr\u00e9sors artistiques entre une mer, berceau de la civilisation occidentale, et un massif montagneux, sanctuaire de cultures originales.<br \/>\nQuelques exemples pour vous donnez des id\u00e9es de d\u00e9couvertes &#8230;<\/p>\n","protected":false},"excerpt":{"rendered":"<p>Des rivages de la M\u00e9diterran\u00e9e aux sommets alpins Partez \u00e0 la d\u00e9couverte du patrimoine naturel, historique et culturel du moyen et du haut-pays des Alpes-Maritimes. La douceur du climat et la beaut\u00e9 du littoral ont depuis toujours fait la r\u00e9putation de cette terre, de richesses naturelles, de tr\u00e9sors artistiques entre une mer, berceau de la [&hellip;]<\/p>\n","protected":false},"author":1,"featured_media":0,"parent":0,"menu_order":0,"comment_status":"open","ping_status":"closed","template":"template-advanced-layout.php","meta":{"footnotes":""},"class_list":["post-206","page","type-page","status-publish","hentry"],"_links":{"self":[{"href":"https:\/\/www.camping-sainte-madeleine.com\/fr\/wp-json\/wp\/v2\/pages\/206","targetHints":{"allow":["GET"]}}],"collection":[{"href":"https:\/\/www.camping-sainte-madeleine.com\/fr\/wp-json\/wp\/v2\/pages"}],"about":[{"href":"https:\/\/www.camping-sainte-madeleine.com\/fr\/wp-json\/wp\/v2\/types\/page"}],"author":[{"embeddable":true,"href":"https:\/\/www.camping-sainte-madeleine.com\/fr\/wp-json\/wp\/v2\/users\/1"}],"replies":[{"embeddable":true,"href":"https:\/\/www.camping-sainte-madeleine.com\/fr\/wp-json\/wp\/v2\/comments?post=206"}],"version-history":[{"count":11,"href":"https:\/\/www.camping-sainte-madeleine.com\/fr\/wp-json\/wp\/v2\/pages\/206\/revisions"}],"predecessor-version":[{"id":691,"href":"https:\/\/www.camping-sainte-madeleine.com\/fr\/wp-json\/wp\/v2\/pages\/206\/revisions\/691"}],"wp:attachment":[{"href":"https:\/\/www.camping-sainte-madeleine.com\/fr\/wp-json\/wp\/v2\/media?parent=206"}],"curies":[{"name":"wp","href":"https:\/\/api.w.org\/{rel}","templated":true}]}}