{"id":203,"date":"2017-11-15T15:38:37","date_gmt":"2017-11-15T14:38:37","guid":{"rendered":"https:\/\/www.camping-sainte-madeleine.com\/?page_id=203"},"modified":"2025-04-28T17:13:00","modified_gmt":"2025-04-28T15:13:00","slug":"reservation","status":"publish","type":"page","link":"https:\/\/www.camping-sainte-madeleine.com\/fr\/reservation\/","title":{"rendered":"R\u00e9servations"},"content":{"rendered":"<h2><strong>Ouvert du 15 avril au 30 septembre<br \/>\n<\/strong><\/h2>\n<h3><strong><u>Les r\u00e9servations pour l&rsquo;ann\u00e9e prochaine d\u00e9butent en janvier 2026<\/u><\/strong><\/h3>\n<p><strong>Les groupes ne sont pas accept\u00e9s en Haute Saison, pour la Basse saison la direction se r\u00e9serve le droit de refuser les demandes de groupes pour assurer le calme et la tranquillit\u00e9 de ses autres clients (obligations de nous contacter par t\u00e9l\u00e9phone ou mail).<\/strong><\/p>\n<p><strong>Nos locations sont lou\u00e9s \u00e0 la semaine, il est possible de faire des locations \u00e0 court terme \u00e0 partir de 3 nuits, et uniquement \u00e0 la derni\u00e8re minute en fonction des disponibilit\u00e9s.<\/strong><\/p>\n<p><strong>Vous avez une voiture \u00e9lectrique, si possibilit\u00e9 d&rsquo;acc\u00e8s au chalet, recharge suppl\u00e9ment 10 euros par nuit.<\/strong><\/p>\n<p><strong>Nous ne pouvons pas accueillir les chiens dans nos locations. Merci de votre compr\u00e9hension.<br \/>\n<\/strong><\/p>\n<p><strong><span class=\"st\">Nous vous r\u00e9pondrons entre 24 &#8211;\u00a0 48 h (si vous n&rsquo;avez pas de r\u00e9ponse rapidement, t\u00e9l\u00e9phonez ou regardez bien vos spams)<\/span><\/strong><\/p>\n\n<div class=\"wpcf7 no-js\" id=\"wpcf7-f246-o1\" lang=\"fr-FR\" dir=\"ltr\" data-wpcf7-id=\"246\">\n<div class=\"screen-reader-response\"><p role=\"status\" aria-live=\"polite\" aria-atomic=\"true\"><\/p> <ul><\/ul><\/div>\n<form action=\"\/fr\/wp-json\/wp\/v2\/pages\/203#wpcf7-f246-o1\" method=\"post\" class=\"wpcf7-form init\" aria-label=\"Formulaire de contact\" novalidate=\"novalidate\" data-status=\"init\">\n<fieldset class=\"hidden-fields-container\"><input type=\"hidden\" name=\"_wpcf7\" value=\"246\" \/><input type=\"hidden\" name=\"_wpcf7_version\" value=\"6.1.5\" \/><input type=\"hidden\" name=\"_wpcf7_locale\" value=\"fr_FR\" \/><input type=\"hidden\" name=\"_wpcf7_unit_tag\" value=\"wpcf7-f246-o1\" \/><input type=\"hidden\" name=\"_wpcf7_container_post\" value=\"0\" \/><input type=\"hidden\" name=\"_wpcf7_posted_data_hash\" value=\"\" \/><input type=\"hidden\" name=\"_wpcf7cf_hidden_group_fields\" value=\"[]\" \/><input type=\"hidden\" name=\"_wpcf7cf_hidden_groups\" value=\"[]\" \/><input type=\"hidden\" name=\"_wpcf7cf_visible_groups\" value=\"[]\" \/><input type=\"hidden\" name=\"_wpcf7cf_repeaters\" value=\"[]\" \/><input type=\"hidden\" name=\"_wpcf7cf_steps\" value=\"{}\" \/><input type=\"hidden\" name=\"_wpcf7cf_options\" value=\"{&quot;form_id&quot;:246,&quot;conditions&quot;:[{&quot;then_field&quot;:&quot;group-camping&quot;,&quot;and_rules&quot;:[{&quot;if_field&quot;:&quot;type-hebergement&quot;,&quot;operator&quot;:&quot;equals&quot;,&quot;if_value&quot;:&quot;Camping&quot;}]},{&quot;then_field&quot;:&quot;group-commentaire&quot;,&quot;and_rules&quot;:[{&quot;if_field&quot;:&quot;type-hebergement&quot;,&quot;operator&quot;:&quot;not equals&quot;,&quot;if_value&quot;:&quot;Camping&quot;}]}],&quot;settings&quot;:{&quot;animation&quot;:&quot;yes&quot;,&quot;animation_intime&quot;:200,&quot;animation_outtime&quot;:200,&quot;conditions_ui&quot;:&quot;normal&quot;,&quot;notice_dismissed&quot;:false,&quot;notice_dismissed_rollback-cf7-5.6.4&quot;:true}}\" \/>\n<\/fieldset>\n<span id=\"wpcf7-69e59611bc115-wrapper\" class=\"wpcf7-form-control-wrap password-wrap\" style=\"display:none !important; visibility:hidden !important;\"><label for=\"wpcf7-69e59611bc115-field\" class=\"hp-message\">Indiquer le mot de passe ( laisser ce champ vide )<\/label><input id=\"wpcf7-69e59611bc115-field\"  placeholder=\"Mot de passe ?\"  class=\"wpcf7-form-control wpcf7-text\" type=\"text\" name=\"password\" value=\"\" size=\"40\" tabindex=\"-1\" autocomplete=\"new-password\" \/><\/span>\n<fieldset>\n <legend>Coordonn\u00e9es:<\/legend>\n<label> Votre nom & pr\u00e9nom \n    <span class=\"wpcf7-form-control-wrap\" data-name=\"nom\"><input size=\"40\" maxlength=\"400\" class=\"wpcf7-form-control wpcf7-text wpcf7-validates-as-required\" aria-required=\"true\" aria-invalid=\"false\" value=\"\" type=\"text\" name=\"nom\" \/><\/span> <\/label>\n\n<label> Votre adresse \n    <span class=\"wpcf7-form-control-wrap\" data-name=\"adresse\"><input size=\"40\" maxlength=\"400\" class=\"wpcf7-form-control wpcf7-text wpcf7-validates-as-required\" aria-required=\"true\" aria-invalid=\"false\" value=\"\" type=\"text\" name=\"adresse\" \/><\/span> <\/label>\n\n<label> Ville \n    <span class=\"wpcf7-form-control-wrap\" data-name=\"ville\"><input size=\"40\" maxlength=\"400\" class=\"wpcf7-form-control wpcf7-text wpcf7-validates-as-required\" aria-required=\"true\" aria-invalid=\"false\" value=\"\" type=\"text\" name=\"ville\" \/><\/span> <\/label>\n\n<label>Code Postal\n    <span class=\"wpcf7-form-control-wrap\" data-name=\"cp\"><input size=\"40\" maxlength=\"400\" class=\"wpcf7-form-control wpcf7-text wpcf7-validates-as-required\" aria-required=\"true\" aria-invalid=\"false\" value=\"\" type=\"text\" name=\"cp\" \/><\/span> <\/label>\n\n<label> Pays \n    <span class=\"wpcf7-form-control-wrap\" data-name=\"pays\"><input size=\"40\" maxlength=\"400\" class=\"wpcf7-form-control wpcf7-text wpcf7-validates-as-required\" aria-required=\"true\" aria-invalid=\"false\" value=\"\" type=\"text\" name=\"pays\" \/><\/span> <\/label>\n\n\n\n\n<label> T\u00e9l\u00e9phone \n    <span class=\"wpcf7-form-control-wrap\" data-name=\"telephone\"><input size=\"40\" maxlength=\"400\" class=\"wpcf7-form-control wpcf7-text wpcf7-validates-as-required\" aria-required=\"true\" aria-invalid=\"false\" value=\"\" type=\"text\" name=\"telephone\" \/><\/span> <\/label>\n\n<label> Adresse e-mail (obligatoire)\n    <span class=\"wpcf7-form-control-wrap\" data-name=\"email\"><input size=\"40\" maxlength=\"400\" class=\"wpcf7-form-control wpcf7-email wpcf7-validates-as-required wpcf7-text wpcf7-validates-as-email\" aria-required=\"true\" aria-invalid=\"false\" value=\"\" type=\"email\" name=\"email\" \/><\/span> <\/label>\n<\/fieldset>\n\n<fieldset>\n <legend>Votre s\u00e9jour<\/legend>\n\n<label> Date d'arriv\u00e9e\n    <span class=\"wpcf7-form-control-wrap\" data-name=\"date-arrivee\"><input size=\"40\" maxlength=\"400\" class=\"wpcf7-form-control wpcf7-text wpcf7-validates-as-required\" aria-required=\"true\" aria-invalid=\"false\" value=\"\" type=\"text\" name=\"date-arrivee\" \/><\/span> <\/label>\n\n<label> Date de d\u00e9part \n    <span class=\"wpcf7-form-control-wrap\" data-name=\"date-depart\"><input size=\"40\" maxlength=\"400\" class=\"wpcf7-form-control wpcf7-text wpcf7-validates-as-required\" aria-required=\"true\" aria-invalid=\"false\" value=\"\" type=\"text\" name=\"date-depart\" \/><\/span> <\/label>\n\n<div class=\"cell-form\">\n<label> Adultes\n<span class=\"wpcf7-form-control-wrap\" data-name=\"nb-adultes\"><input class=\"wpcf7-form-control wpcf7-number wpcf7-validates-as-required wpcf7-validates-as-number\" min=\"1\" max=\"30\" aria-required=\"true\" aria-invalid=\"false\" value=\"1\" type=\"number\" name=\"nb-adultes\" \/><\/span><\/label>\n<\/div> <div class=\"cell-form\">\n<label> Enfants\n<span class=\"wpcf7-form-control-wrap\" data-name=\"nb-enfants\"><input class=\"wpcf7-form-control wpcf7-number wpcf7-validates-as-required wpcf7-validates-as-number\" min=\"0\" max=\"30\" aria-required=\"true\" aria-invalid=\"false\" value=\"0\" type=\"number\" name=\"nb-enfants\" \/><\/span><\/label>\n<\/div>\n\n<div class=\"clear-fix\"><\/div>\n<\/fieldset>\n<fieldset>\n <legend>Choisissez votre type d'h\u00e9bergement<\/legend>\n<span class=\"wpcf7-form-control-wrap\" data-name=\"type-hebergement\"><select class=\"wpcf7-form-control wpcf7-select wpcf7-validates-as-required\" aria-required=\"true\" aria-invalid=\"false\" name=\"type-hebergement\"><option value=\"\">&#8212;Veuillez choisir une option&#8212;<\/option><option value=\"Camping\">Camping<\/option><option value=\"Chalet T5 (5 places avec sanitaire)\">Chalet T5 (5 places avec sanitaire)<\/option><option value=\"Chalet T4 (4 places avec sanitaire)\">Chalet T4 (4 places avec sanitaire)<\/option><option value=\"Chalet T2 (2 places avec sanitaire)\">Chalet T2 (2 places avec sanitaire)<\/option><option value=\"Maisonnette (5 places avec sanitaire)\">Maisonnette (5 places avec sanitaire)<\/option><\/select><\/span>\n<\/fieldset>\n<div data-id=\"group-commentaire\" data-orig_data_id=\"group-commentaire\"  class=\"\" data-class=\"wpcf7cf_group\">\n<div class=\"clear-fix\"><\/div>\n<fieldset>\n <legend>Souhait particulier ou commentaires :  <\/legend>\n<span class=\"wpcf7-form-control-wrap\" data-name=\"commentaires\"><textarea cols=\"40\" rows=\"10\" maxlength=\"2000\" class=\"wpcf7-form-control wpcf7-textarea\" aria-invalid=\"false\" name=\"commentaires\"><\/textarea><\/span>\n<\/fieldset>\n<\/div>\n\n<div data-id=\"group-camping\" data-orig_data_id=\"group-camping\"  class=\"\" data-class=\"wpcf7cf_group\">\n<fieldset>\n<legend>Si vous souhaitez venir avec des animaux, merci de le pr\u00e9ciser :<\/legend>\n<div class=\"cell-form\">\n<label>Nombre d'animaux\n<span class=\"wpcf7-form-control-wrap\" data-name=\"nb-animaux\"><input class=\"wpcf7-form-control wpcf7-number wpcf7-validates-as-required wpcf7-validates-as-number\" min=\"0\" max=\"4\" aria-required=\"true\" aria-invalid=\"false\" value=\"0\" type=\"number\" name=\"nb-animaux\" \/><\/span><\/label>\n<\/div><\/fieldset>\n<fieldset>\n<legend>Mat\u00e9riel camping:<\/legend>\n<div class=\"cell-form-label\">Caravane(s)<\/div>\n<div class=\"cell-form\"><label>Nombre\n<span class=\"wpcf7-form-control-wrap\" data-name=\"caravanes-nb\"><input class=\"wpcf7-form-control wpcf7-number wpcf7-validates-as-required wpcf7-validates-as-number\" min=\"0\" max=\"30\" aria-required=\"true\" aria-invalid=\"false\" value=\"0\" type=\"number\" name=\"caravanes-nb\" \/><\/span><\/label>\n<\/div>\n<div class=\"cell-form\"><label>Longueur (en m\u00e8tres)\n<span class=\"wpcf7-form-control-wrap\" data-name=\"caravanes-longueur\"><input class=\"wpcf7-form-control wpcf7-number wpcf7-validates-as-required wpcf7-validates-as-number\" min=\"0\" max=\"30\" aria-required=\"true\" aria-invalid=\"false\" value=\"0\" type=\"number\" name=\"caravanes-longueur\" \/><\/span><\/label>\n<\/div>\n<div class=\"clear-fix\"><\/div>\n<div class=\"cell-form-label\">Voiture(s)<\/div>\n<div class=\"cell-form\"><label>Nombre\n<span class=\"wpcf7-form-control-wrap\" data-name=\"voiture-nb\"><input class=\"wpcf7-form-control wpcf7-number wpcf7-validates-as-required wpcf7-validates-as-number\" min=\"0\" max=\"30\" aria-required=\"true\" aria-invalid=\"false\" value=\"0\" type=\"number\" name=\"voiture-nb\" \/><\/span><\/label>\n<\/div>\n<div class=\"clear-fix\"><\/div>\n<div class=\"cell-form-label\">Moto(s)<\/div>\n<div class=\"cell-form\"><label>Nombre\n<span class=\"wpcf7-form-control-wrap\" data-name=\"motos-nb\"><input class=\"wpcf7-form-control wpcf7-number wpcf7-validates-as-required wpcf7-validates-as-number\" min=\"0\" max=\"30\" aria-required=\"true\" aria-invalid=\"false\" value=\"0\" type=\"number\" name=\"motos-nb\" \/><\/span><\/label>\n<\/div>\n<div class=\"clear-fix\"><\/div>\n<div class=\"cell-form-label\">\nRemorque(s)\n<\/div>\n<div class=\"cell-form\"><label>Nombre\n<span class=\"wpcf7-form-control-wrap\" data-name=\"remorques-nb\"><input class=\"wpcf7-form-control wpcf7-number wpcf7-validates-as-required wpcf7-validates-as-number\" min=\"0\" max=\"30\" aria-required=\"true\" aria-invalid=\"false\" value=\"0\" type=\"number\" name=\"remorques-nb\" \/><\/span>\n<\/label>\n<\/div>\n<div class=\"cell-form\"><label>Largeur (en m\u00e8tres)\n<span class=\"wpcf7-form-control-wrap\" data-name=\"remorques-taille-largeur\"><input class=\"wpcf7-form-control wpcf7-number wpcf7-validates-as-required wpcf7-validates-as-number\" min=\"0\" max=\"30\" aria-required=\"true\" aria-invalid=\"false\" value=\"0\" type=\"number\" name=\"remorques-taille-largeur\" \/><\/span><\/label>\n<\/div>\n<div class=\"cell-form\"><label>Longueur (en m\u00e8tres)\n<span class=\"wpcf7-form-control-wrap\" data-name=\"remorques-taille-longeur\"><input class=\"wpcf7-form-control wpcf7-number wpcf7-validates-as-required wpcf7-validates-as-number\" min=\"0\" max=\"30\" aria-required=\"true\" aria-invalid=\"false\" value=\"0\" type=\"number\" name=\"remorques-taille-longeur\" \/><\/span><\/label>\n<\/div>\n<div class=\"clear-fix\"><\/div>\n<div class=\"cell-form-label\">\nTente(s)\n<\/div>\n<div class=\"cell-form\"><label>Nombre\n<span class=\"wpcf7-form-control-wrap\" data-name=\"tentes-nb\"><input class=\"wpcf7-form-control wpcf7-number wpcf7-validates-as-required wpcf7-validates-as-number\" min=\"0\" max=\"30\" aria-required=\"true\" aria-invalid=\"false\" value=\"0\" type=\"number\" name=\"tentes-nb\" \/><\/span>\n<\/label>\n<\/div>\n<div class=\"cell-form\"><label>Largeur (en m\u00e8tres)\n<span class=\"wpcf7-form-control-wrap\" data-name=\"tentes-taille-largeur\"><input class=\"wpcf7-form-control wpcf7-number wpcf7-validates-as-required wpcf7-validates-as-number\" min=\"0\" max=\"30\" aria-required=\"true\" aria-invalid=\"false\" value=\"0\" type=\"number\" name=\"tentes-taille-largeur\" \/><\/span>\n<\/label>\n<\/div>\n<div class=\"cell-form\"><label>Longueur (en m\u00e8tres)\n<span class=\"wpcf7-form-control-wrap\" data-name=\"tentes-taille-longeur\"><input class=\"wpcf7-form-control wpcf7-number wpcf7-validates-as-required wpcf7-validates-as-number\" min=\"0\" max=\"30\" aria-required=\"true\" aria-invalid=\"false\" value=\"0\" type=\"number\" name=\"tentes-taille-longeur\" \/><\/span>\n<\/label>\n<\/div>\n<div class=\"clear-fix\"><\/div>\n<div class=\"cell-form-label\">\nTente(s) remorque(s)\n<\/div>\n<div class=\"cell-form\"><label>Nombre\n<span class=\"wpcf7-form-control-wrap\" data-name=\"tentes-remorques-nb\"><input class=\"wpcf7-form-control wpcf7-number wpcf7-validates-as-required wpcf7-validates-as-number\" min=\"0\" max=\"30\" aria-required=\"true\" aria-invalid=\"false\" value=\"0\" type=\"number\" name=\"tentes-remorques-nb\" \/><\/span>\n<\/label>\n<\/div>\n<div class=\"cell-form\"><label>Largeur (en m\u00e8tres)\n<span class=\"wpcf7-form-control-wrap\" data-name=\"tentes-remorques-taille-largeur\"><input class=\"wpcf7-form-control wpcf7-number wpcf7-validates-as-required wpcf7-validates-as-number\" min=\"0\" max=\"30\" aria-required=\"true\" aria-invalid=\"false\" value=\"0\" type=\"number\" name=\"tentes-remorques-taille-largeur\" \/><\/span>\n<\/label>\n<\/div>\n<div class=\"cell-form\"><label>Longueur (en m\u00e8tres)\n<span class=\"wpcf7-form-control-wrap\" data-name=\"tentes-remorques-taille-longeur\"><input class=\"wpcf7-form-control wpcf7-number wpcf7-validates-as-required wpcf7-validates-as-number\" min=\"0\" max=\"30\" aria-required=\"true\" aria-invalid=\"false\" value=\"0\" type=\"number\" name=\"tentes-remorques-taille-longeur\" \/><\/span>\n<\/label>\n<\/div>\n<div class=\"clear-fix\"><\/div>\n<div class=\"cell-form-label\">\nTente(s) suppl\u00e9mentaire\n<\/div>\n<div class=\"cell-form\"><label>Nombre\n<span class=\"wpcf7-form-control-wrap\" data-name=\"tentes-sup-nb\"><input class=\"wpcf7-form-control wpcf7-number wpcf7-validates-as-required wpcf7-validates-as-number\" min=\"0\" max=\"30\" aria-required=\"true\" aria-invalid=\"false\" value=\"0\" type=\"number\" name=\"tentes-sup-nb\" \/><\/span>\n<\/label>\n<\/div>\n<div class=\"cell-form\"><label>Largeur (en m\u00e8tres)\n<span class=\"wpcf7-form-control-wrap\" data-name=\"tentes-sup-taille-largeur\"><input class=\"wpcf7-form-control wpcf7-number wpcf7-validates-as-required wpcf7-validates-as-number\" min=\"0\" max=\"30\" aria-required=\"true\" aria-invalid=\"false\" value=\"0\" type=\"number\" name=\"tentes-sup-taille-largeur\" \/><\/span>\n<\/label>\n<\/div>\n<div class=\"cell-form\"><label>Longueur (en m\u00e8tres)\n<span class=\"wpcf7-form-control-wrap\" data-name=\"tentes-sup-taille-longeur\"><input class=\"wpcf7-form-control wpcf7-number wpcf7-validates-as-required wpcf7-validates-as-number\" min=\"0\" max=\"30\" aria-required=\"true\" aria-invalid=\"false\" value=\"0\" type=\"number\" name=\"tentes-sup-taille-longeur\" \/><\/span>\n<\/label>\n<\/div>\n<div class=\"clear-fix\"><\/div>\n<div class=\"cell-form-label\">Camping Car \n<\/div>\n<div class=\"cell-form\"><label>Nombre\n<span class=\"wpcf7-form-control-wrap\" data-name=\"camping-car-nb\"><input class=\"wpcf7-form-control wpcf7-number wpcf7-validates-as-required wpcf7-validates-as-number\" min=\"0\" max=\"30\" aria-required=\"true\" aria-invalid=\"false\" value=\"0\" type=\"number\" name=\"camping-car-nb\" \/><\/span><\/label>\n<\/div>\n<div class=\"cell-form\"><label>Longueur (en m\u00e8tres)\n<span class=\"wpcf7-form-control-wrap\" data-name=\"camping-car-taille-longeur\"><input class=\"wpcf7-form-control wpcf7-number wpcf7-validates-as-required wpcf7-validates-as-number\" min=\"0\" max=\"30\" aria-required=\"true\" aria-invalid=\"false\" value=\"0\" type=\"number\" name=\"camping-car-taille-longeur\" \/><\/span><\/label>\n<\/div>\n<div class=\"clear-fix\"><\/div>\n<div class=\"cell-form-label\">\n\u00c9lectricit\u00e9 \n<\/div>\n<div class=\"cell-form cell-form-radio\">\n<span class=\"wpcf7-form-control-wrap\" data-name=\"electricite-camping\"><span class=\"wpcf7-form-control wpcf7-radio\"><span class=\"wpcf7-list-item first\"><input type=\"radio\" name=\"electricite-camping\" value=\"oui\" checked=\"checked\" \/><span class=\"wpcf7-list-item-label\">oui<\/span><\/span><span class=\"wpcf7-list-item last\"><input type=\"radio\" name=\"electricite-camping\" value=\"Non\" \/><span class=\"wpcf7-list-item-label\">Non<\/span><\/span><\/span><\/span>\n<\/div>\n\n<div class=\"clear-fix\"><\/div>\n<label>Souhait particulier concernant l'emplacement \n<span class=\"wpcf7-form-control-wrap\" data-name=\"souhait\"><textarea cols=\"40\" rows=\"10\" maxlength=\"2000\" class=\"wpcf7-form-control wpcf7-textarea\" aria-invalid=\"false\" name=\"souhait\"><\/textarea><\/span><\/label>\n\n<\/fieldset>\n<\/div>\n<div class=\"clear-fix\"><\/div>\n<br>\n<input class=\"wpcf7-form-control wpcf7-submit has-spinner\" type=\"submit\" value=\"Envoyer\" \/>\n<br>\n<br>\n<br><div class=\"wpcf7-response-output\" aria-hidden=\"true\"><\/div>\n<\/form>\n<\/div>\n\n","protected":false},"excerpt":{"rendered":"<p>Ouvert du 15 avril au 30 septembre Les r\u00e9servations pour l&rsquo;ann\u00e9e prochaine d\u00e9butent en janvier 2026 Les groupes ne sont pas accept\u00e9s en Haute Saison, pour la Basse saison la direction se r\u00e9serve le droit de refuser les demandes de groupes pour assurer le calme et la tranquillit\u00e9 de ses autres clients (obligations de nous [&hellip;]<\/p>\n","protected":false},"author":1,"featured_media":0,"parent":0,"menu_order":0,"comment_status":"closed","ping_status":"closed","template":"page-with-sidebar.php","meta":{"footnotes":""},"class_list":["post-203","page","type-page","status-publish","hentry"],"_links":{"self":[{"href":"https:\/\/www.camping-sainte-madeleine.com\/fr\/wp-json\/wp\/v2\/pages\/203","targetHints":{"allow":["GET"]}}],"collection":[{"href":"https:\/\/www.camping-sainte-madeleine.com\/fr\/wp-json\/wp\/v2\/pages"}],"about":[{"href":"https:\/\/www.camping-sainte-madeleine.com\/fr\/wp-json\/wp\/v2\/types\/page"}],"author":[{"embeddable":true,"href":"https:\/\/www.camping-sainte-madeleine.com\/fr\/wp-json\/wp\/v2\/users\/1"}],"replies":[{"embeddable":true,"href":"https:\/\/www.camping-sainte-madeleine.com\/fr\/wp-json\/wp\/v2\/comments?post=203"}],"version-history":[{"count":32,"href":"https:\/\/www.camping-sainte-madeleine.com\/fr\/wp-json\/wp\/v2\/pages\/203\/revisions"}],"predecessor-version":[{"id":32622,"href":"https:\/\/www.camping-sainte-madeleine.com\/fr\/wp-json\/wp\/v2\/pages\/203\/revisions\/32622"}],"wp:attachment":[{"href":"https:\/\/www.camping-sainte-madeleine.com\/fr\/wp-json\/wp\/v2\/media?parent=203"}],"curies":[{"name":"wp","href":"https:\/\/api.w.org\/{rel}","templated":true}]}}