{"id":1196,"date":"2017-12-26T16:24:54","date_gmt":"2017-12-26T15:24:54","guid":{"rendered":"https:\/\/www.camping-sainte-madeleine.com\/?page_id=1196"},"modified":"2017-12-26T16:27:46","modified_gmt":"2017-12-26T15:27:46","slug":"mentions-legales","status":"publish","type":"page","link":"https:\/\/www.camping-sainte-madeleine.com\/fr\/mentions-legales\/","title":{"rendered":"Mentions l\u00e9gales"},"content":{"rendered":"<p><b>G\u00e9rant et \u00e9diteur du site : <\/b>Mr Garriou G\u00e9rard<\/p>\n<p><b>Camping Domaine Sainte Madeleine :<\/b><br \/>\nRoute de Moulinet<br \/>\n06380 Sospel<br \/>\nSIRET : 40914815200021<br \/>\nD\u00e9cision de classement : N\u00b0 C06-019440-002 du 30\/05\/2017 \u2013 cat\u00e9gorie 3* tourisme<br \/>\nAdresse du site : www.camping-sainte-madeleine.com<\/p>\n<p><b>Donn\u00e9es personnelles<\/b><br \/>\nAucune information personnelle n\u2019est collect\u00e9e sans votre accord. Votre adresse IP n\u2019est pas enregistr\u00e9e par le site, seul notre h\u00e9bergeur en garde trace comme il y est tenu.<br \/>\nNous ne vendons, louons ou communiquons pas aux tiers les donn\u00e9es personnelles (nom, adresse, num\u00e9ros de t\u00e9l\u00e9phone, de fax ou adresse e-mail) fournies par les personnes qui visitent ce site.<br \/>\nCes informations seront utilis\u00e9es seulement pour vous adresser des courriers et brochures.<br \/>\nConform\u00e9ment \u00e0 la loi, vous disposez d\u2019un droit d\u2019acc\u00e8s et de rectification aux informations personnelles que vous nous auriez communiqu\u00e9es. Vous pouvez donc \u00e0 tout moment nous demander \u00e0 effacer ces informations par simple message au travers de notre formulaire de contact.<\/p>\n<p>&nbsp;<\/p>\n<p><strong>Site con\u00e7u, r\u00e9alis\u00e9 par <\/strong>:\u00a0<strong>DBL France<\/strong><br \/>\n<strong>DBL France &#8211; Si\u00e9ge social <\/strong>:\u00a012 Rue de Russie &#8211; 06000 &#8211; Nice &#8211; France<br \/>\n<strong>Inscription : <\/strong>Immatricul\u00e9e le\u00a020\/09\/1990.<br \/>\n<strong>RCS <\/strong>: 379 351 026 R.C.S. Nice<br \/>\n<strong>SIRET<\/strong> : 379 351 026 00016<br \/>\n<strong>Activit\u00e9 <\/strong>: Autres activit\u00e9s informatiques (6209Z)<br \/>\n<strong>N de TVA Intracommunautaire <\/strong>:\u00a0FR 08 379 351 026<br \/>\n<strong>Enseigne<\/strong> : AZUR<br \/>\n<strong>Forme juridique<\/strong> : Soci\u00e9t\u00e9 \u00e0 responsabilit\u00e9 limit\u00e9e<br \/>\n<strong>Site h\u00e9berg\u00e9 par<\/strong> :\u00a0DBL France<br \/>\n<strong>DBL France<\/strong> est une marque d\u00e9pos\u00e9e de <strong>DBL France<\/strong>.<\/p>\n<p>&nbsp;<\/p>\n","protected":false},"excerpt":{"rendered":"<p>G\u00e9rant et \u00e9diteur du site : Mr Garriou G\u00e9rard Camping Domaine Sainte Madeleine : Route de Moulinet 06380 Sospel SIRET : 40914815200021 D\u00e9cision de classement : N\u00b0 C06-019440-002 du 30\/05\/2017 \u2013 cat\u00e9gorie 3* tourisme Adresse du site : www.camping-sainte-madeleine.com Donn\u00e9es personnelles Aucune information personnelle n\u2019est collect\u00e9e sans votre accord. Votre adresse IP n\u2019est pas enregistr\u00e9e [&hellip;]<\/p>\n","protected":false},"author":1,"featured_media":0,"parent":0,"menu_order":0,"comment_status":"closed","ping_status":"closed","template":"","meta":{"footnotes":""},"class_list":["post-1196","page","type-page","status-publish","hentry"],"_links":{"self":[{"href":"https:\/\/www.camping-sainte-madeleine.com\/fr\/wp-json\/wp\/v2\/pages\/1196","targetHints":{"allow":["GET"]}}],"collection":[{"href":"https:\/\/www.camping-sainte-madeleine.com\/fr\/wp-json\/wp\/v2\/pages"}],"about":[{"href":"https:\/\/www.camping-sainte-madeleine.com\/fr\/wp-json\/wp\/v2\/types\/page"}],"author":[{"embeddable":true,"href":"https:\/\/www.camping-sainte-madeleine.com\/fr\/wp-json\/wp\/v2\/users\/1"}],"replies":[{"embeddable":true,"href":"https:\/\/www.camping-sainte-madeleine.com\/fr\/wp-json\/wp\/v2\/comments?post=1196"}],"version-history":[{"count":1,"href":"https:\/\/www.camping-sainte-madeleine.com\/fr\/wp-json\/wp\/v2\/pages\/1196\/revisions"}],"predecessor-version":[{"id":1197,"href":"https:\/\/www.camping-sainte-madeleine.com\/fr\/wp-json\/wp\/v2\/pages\/1196\/revisions\/1197"}],"wp:attachment":[{"href":"https:\/\/www.camping-sainte-madeleine.com\/fr\/wp-json\/wp\/v2\/media?parent=1196"}],"curies":[{"name":"wp","href":"https:\/\/api.w.org\/{rel}","templated":true}]}}