{"id":898,"date":"2017-11-16T08:56:04","date_gmt":"2017-11-16T07:56:04","guid":{"rendered":"https:\/\/www.camping-sainte-madeleine.com\/tarifs-chalets\/"},"modified":"2025-11-01T15:41:12","modified_gmt":"2025-11-01T14:41:12","slug":"tarifs-chalets","status":"publish","type":"page","link":"https:\/\/www.camping-sainte-madeleine.com\/es\/tarifs-chalets\/","title":{"rendered":"Precios Chalets"},"content":{"rendered":"<h3 style=\"text-align: center;\"><strong><span id=\"result_box\" class=\"short_text\" lang=\"es\" tabindex=\"-1\">Abierto del 15\u00a0 abril al 30 septiembre<\/span><\/strong><\/h3>\n<h3 style=\"text-align: center;\"><strong><u>Las reservas comienzan en enero de 2026<\/u><\/strong><\/h3>\n<p><strong><span id=\"result_box\" class=\"\" lang=\"es\" tabindex=\"-1\">Independientemente de la duraci\u00f3n de la estad\u00eda, se solicitar\u00e1 y se devolver\u00e1 un cheque de dep\u00f3sito de 100 euros por limpieza el d\u00eda de la partida posterior al inventario y despu\u00e9s de la verificaci\u00f3n completa de la limpieza de la caba\u00f1a (si el cliente no puede estar presente, su dep\u00f3sito ser\u00e1 devuelto por transferencia bancaria en caso de pago en efectivo).<\/span><\/strong><\/p>\n<p><strong>\u00a1Para la tranquilidad de cada uno, Ninguna tienda ser<span class=\"_Tgc\">\u00e1<\/span> pernitida sobre el tereno del chal\u00e9!<\/strong><\/p>\n<p><strong>No se aceptan grupos en Temporada Alta, para Temporada Baja la direcci\u00f3n se reserva el derecho de rechazar solicitudes de grupos para garantizar la calma y tranquilidad de sus dem\u00e1s clientes (obligaciones de contactarnos por tel\u00e9fono o correo electr\u00f3nico).<\/strong><\/p>\n<p><strong>Los alquileres de menos de una semana son posibles \u00fanicamente fuera de temporada est\u00e1 seg\u00fan disponibilidad.<\/strong><\/p>\n<p><strong>Dispones de coche el\u00e9ctrico, si es posible el acceso al chalet, suplemento de 10 euros por noche.<\/strong><\/p>\n<p><strong><span class=\"HwtZe\" lang=\"es\"><span class=\"jCAhz ChMk0b\"><span class=\"ryNqvb\">En julio y agosto solo se puede reservar para un m\u00ednimo de 7 noches, las entradas son de 16 a 20 horas, la salida es antes de las 10 horas.<\/span><\/span><\/span><\/strong><\/p>\n<p><strong>La forma de pago para la reserva (dep\u00f3sitos): transferencia bancaria, carta certificada, la reserva no incurrir en costos adicionales.<\/strong><\/p>\n<p><strong>Lo sentimos, lo se aceptan tarjetas de cr\u00e9dito e carta di debito.<\/strong><\/p>\n<p style=\"text-align: center;\"><strong><span id=\"result_box\" class=\"\" lang=\"es\" tabindex=\"-1\">No podemos acomodar animales en nuestra casa, gracias por su comprensi\u00f3n.<\/span><\/strong><\/p>\n<h3 style=\"text-align: center;\"><u>PRECIOS CHALETS 2026 A SEMANA<\/u><\/h3>\n<div align=\"center\">\n<table class=\"tarif\" style=\"height: 384px;\" border=\"1\" width=\"822\" cellspacing=\"0\" cellpadding=\"0\">\n<tbody>\n<tr>\n<td valign=\"top\" width=\"567\"><strong><span id=\"result_box\" class=\"short_text\" lang=\"es\" tabindex=\"-1\">FECHAS<\/span><\/strong><\/td>\n<td valign=\"top\" width=\"189\">\n<p align=\"center\"><strong>T2<\/strong><\/p>\n<\/td>\n<td valign=\"top\" width=\"189\">\n<p align=\"center\"><strong>T4<\/strong><\/p>\n<\/td>\n<td valign=\"top\" width=\"189\">\n<p align=\"center\"><strong>T5<\/strong><\/p>\n<\/td>\n<\/tr>\n<tr>\n<td valign=\"top\" width=\"567\"><strong>\u00a015 abril &#8211; 20 junio<\/strong><\/td>\n<td valign=\"top\" width=\"189\">\n<p align=\"center\"><strong>390 \u20ac<\/strong><\/p>\n<\/td>\n<td valign=\"top\" width=\"189\">\n<p align=\"center\"><strong>405 \u20ac<br \/>\n<\/strong><\/p>\n<\/td>\n<td valign=\"top\" width=\"189\">\n<p align=\"center\"><strong>420 \u20ac<br \/>\n<\/strong><\/p>\n<\/td>\n<\/tr>\n<tr>\n<td valign=\"top\" width=\"567\"><strong>\u00a020 junio &#8211; 5 julio<\/strong><\/td>\n<td valign=\"top\" width=\"189\">\n<p align=\"center\"><strong>500 \u20ac<br \/>\n<\/strong><\/p>\n<\/td>\n<td valign=\"top\" width=\"189\">\n<p align=\"center\"><strong>525 \u20ac<br \/>\n<\/strong><\/p>\n<\/td>\n<td valign=\"top\" width=\"189\">\n<p align=\"center\"><strong>550 \u20ac<br \/>\n<\/strong><\/p>\n<\/td>\n<\/tr>\n<tr>\n<td valign=\"top\" width=\"567\"><strong>\u00a05 julio &#8211; \u00a025 agosto <\/strong>(haute saison)<\/td>\n<td valign=\"top\" width=\"189\">\n<p align=\"center\"><strong>610 \u20ac<br \/>\n<\/strong><\/p>\n<\/td>\n<td valign=\"top\" width=\"189\">\n<p align=\"center\"><strong>660 \u20ac<br \/>\n<\/strong><\/p>\n<\/td>\n<td valign=\"top\" width=\"189\">\n<p align=\"center\"><strong>690 \u20ac<br \/>\n<\/strong><\/p>\n<\/td>\n<\/tr>\n<tr>\n<td valign=\"top\" width=\"567\"><strong>\u00a025 agosto &#8211; <span id=\"result_box\" class=\"short_text\" lang=\"es\" tabindex=\"-1\">5<\/span> septiembre<\/strong><\/td>\n<td valign=\"top\" width=\"189\">\n<p align=\"center\"><strong>500 \u20ac<br \/>\n<\/strong><\/p>\n<\/td>\n<td valign=\"top\" width=\"189\">\n<p align=\"center\"><strong>525 \u20ac<br \/>\n<\/strong><\/p>\n<\/td>\n<td valign=\"top\" width=\"189\">\n<p align=\"center\"><strong>550 \u20ac<br \/>\n<\/strong><\/p>\n<\/td>\n<\/tr>\n<tr>\n<td valign=\"top\" width=\"567\"><strong>\u00a05 septiembre &#8211; 30 septiembre<\/strong><\/td>\n<td valign=\"top\" width=\"189\">\n<p align=\"center\"><strong>390 \u20ac<br \/>\n<\/strong><\/p>\n<\/td>\n<td valign=\"top\" width=\"189\">\n<p align=\"center\"><strong>410 \u20ac<br \/>\n<\/strong><\/p>\n<\/td>\n<td valign=\"top\" width=\"189\">\n<p align=\"center\"><strong>420 \u20ac<br \/>\n<\/strong><\/p>\n<\/td>\n<\/tr>\n<tr>\n<td colspan=\"4\" valign=\"top\" width=\"567\"><strong>Tasa de estancia al d\u00eda y por persona + 18 a\u00f1os 0.67 euro<br \/>\n<\/strong><\/td>\n<\/tr>\n<\/tbody>\n<\/table>\n<\/div>\n<p style=\"text-align: center;\"><strong>\u00a0<\/strong><\/p>\n","protected":false},"excerpt":{"rendered":"<p>Abierto del 15\u00a0 abril al 30 septiembre Las reservas comienzan en enero de 2026 Independientemente de la duraci\u00f3n de la estad\u00eda, se solicitar\u00e1 y se devolver\u00e1 un cheque de dep\u00f3sito de 100 euros por limpieza el d\u00eda de la partida posterior al inventario y despu\u00e9s de la verificaci\u00f3n completa de la limpieza de la caba\u00f1a [&hellip;]<\/p>\n","protected":false},"author":1,"featured_media":0,"parent":0,"menu_order":0,"comment_status":"closed","ping_status":"closed","template":"page-with-sidebar.php","meta":{"footnotes":""},"class_list":["post-898","page","type-page","status-publish","hentry"],"_links":{"self":[{"href":"https:\/\/www.camping-sainte-madeleine.com\/es\/wp-json\/wp\/v2\/pages\/898","targetHints":{"allow":["GET"]}}],"collection":[{"href":"https:\/\/www.camping-sainte-madeleine.com\/es\/wp-json\/wp\/v2\/pages"}],"about":[{"href":"https:\/\/www.camping-sainte-madeleine.com\/es\/wp-json\/wp\/v2\/types\/page"}],"author":[{"embeddable":true,"href":"https:\/\/www.camping-sainte-madeleine.com\/es\/wp-json\/wp\/v2\/users\/1"}],"replies":[{"embeddable":true,"href":"https:\/\/www.camping-sainte-madeleine.com\/es\/wp-json\/wp\/v2\/comments?post=898"}],"version-history":[{"count":29,"href":"https:\/\/www.camping-sainte-madeleine.com\/es\/wp-json\/wp\/v2\/pages\/898\/revisions"}],"predecessor-version":[{"id":36394,"href":"https:\/\/www.camping-sainte-madeleine.com\/es\/wp-json\/wp\/v2\/pages\/898\/revisions\/36394"}],"wp:attachment":[{"href":"https:\/\/www.camping-sainte-madeleine.com\/es\/wp-json\/wp\/v2\/media?parent=898"}],"curies":[{"name":"wp","href":"https:\/\/api.w.org\/{rel}","templated":true}]}}