{"id":1144,"date":"2017-11-15T15:38:37","date_gmt":"2017-11-15T14:38:37","guid":{"rendered":"https:\/\/www.camping-sainte-madeleine.com\/reservation\/"},"modified":"2025-04-28T17:12:17","modified_gmt":"2025-04-28T15:12:17","slug":"reservas","status":"publish","type":"page","link":"https:\/\/www.camping-sainte-madeleine.com\/es\/reservas\/","title":{"rendered":"Reservas"},"content":{"rendered":"<p><strong><span style=\"font-family: Times New Roman,Times,serif; font-size: x-large;\"><span id=\"result_box\" class=\"short_text\" lang=\"es\" tabindex=\"-1\">Abierto del 15 de abril a 30 de septiembre<\/span><\/span><\/strong><\/p>\n<p><strong>No se aceptan grupos en Temporada Alta, para Temporada Baja la direcci\u00f3n se reserva el derecho de rechazar solicitudes de grupos para garantizar la calma y tranquilidad de sus dem\u00e1s clientes (obligaciones de contactarnos por tel\u00e9fono o correo electr\u00f3nico).<\/strong><\/p>\n<p><strong>El alquiler de menos de una semana solo es posible fuera de temporada <\/strong><strong>a partir de 3 noches, seg\u00fan disponibilidad.<\/strong><\/p>\n<p><strong>Dispones de coche el\u00e9ctrico, si es posible el acceso al chalet, suplemento de 10 euros por noche.<\/strong><\/p>\n<p><strong>No podemos acomodar perros en nuestros alquileres. Gracias por su comprensi\u00f3n.<\/strong><\/p>\n<p><strong>Le responderemos en 24 horas &#8211; 48 horas (si no tiene una respuesta r\u00e1pida, llame o mire su correo no deseado).<\/strong><\/p>\n\n<div class=\"wpcf7 no-js\" id=\"wpcf7-f1165-o1\" lang=\"fr-FR\" dir=\"ltr\" data-wpcf7-id=\"1165\">\n<div class=\"screen-reader-response\"><p role=\"status\" aria-live=\"polite\" aria-atomic=\"true\"><\/p> <ul><\/ul><\/div>\n<form action=\"\/es\/wp-json\/wp\/v2\/pages\/1144#wpcf7-f1165-o1\" method=\"post\" class=\"wpcf7-form init\" aria-label=\"Formulaire de contact\" novalidate=\"novalidate\" data-status=\"init\">\n<fieldset class=\"hidden-fields-container\"><input type=\"hidden\" name=\"_wpcf7\" value=\"1165\" \/><input type=\"hidden\" name=\"_wpcf7_version\" value=\"6.1\" \/><input type=\"hidden\" name=\"_wpcf7_locale\" value=\"fr_FR\" \/><input type=\"hidden\" name=\"_wpcf7_unit_tag\" value=\"wpcf7-f1165-o1\" \/><input type=\"hidden\" name=\"_wpcf7_container_post\" value=\"0\" \/><input type=\"hidden\" name=\"_wpcf7_posted_data_hash\" value=\"\" \/><input type=\"hidden\" name=\"_wpcf7cf_hidden_group_fields\" value=\"[]\" \/><input type=\"hidden\" name=\"_wpcf7cf_hidden_groups\" value=\"[]\" \/><input type=\"hidden\" name=\"_wpcf7cf_visible_groups\" value=\"[]\" \/><input type=\"hidden\" name=\"_wpcf7cf_repeaters\" value=\"[]\" \/><input type=\"hidden\" name=\"_wpcf7cf_steps\" value=\"{}\" \/><input type=\"hidden\" name=\"_wpcf7cf_options\" value=\"{&quot;form_id&quot;:1165,&quot;conditions&quot;:[{&quot;then_field&quot;:&quot;group-camping&quot;,&quot;and_rules&quot;:[{&quot;if_field&quot;:&quot;type-hebergement&quot;,&quot;operator&quot;:&quot;equals&quot;,&quot;if_value&quot;:&quot;Camping&quot;}]},{&quot;then_field&quot;:&quot;group-commentaire&quot;,&quot;and_rules&quot;:[{&quot;if_field&quot;:&quot;type-hebergement&quot;,&quot;operator&quot;:&quot;not equals&quot;,&quot;if_value&quot;:&quot;Camping&quot;}]}],&quot;settings&quot;:{&quot;animation&quot;:&quot;yes&quot;,&quot;animation_intime&quot;:200,&quot;animation_outtime&quot;:200,&quot;conditions_ui&quot;:&quot;normal&quot;,&quot;notice_dismissed&quot;:false,&quot;notice_dismissed_rollback-cf7-5.6.4&quot;:true}}\" \/>\n<\/fieldset>\n<span id=\"wpcf7-69e34413570c0-wrapper\" class=\"wpcf7-form-control-wrap password-wrap\" style=\"display:none !important; visibility:hidden !important;\"><label for=\"wpcf7-69e34413570c0-field\" class=\"hp-message\">Indiquer le mot de passe ( laisser ce champ vide )<\/label><input id=\"wpcf7-69e34413570c0-field\"  placeholder=\"Mot de passe ?\"  class=\"wpcf7-form-control wpcf7-text\" type=\"text\" name=\"password\" value=\"\" size=\"40\" tabindex=\"-1\" autocomplete=\"new-password\" \/><\/span>\n<fieldset>\n <legend>Contacto:<\/legend>\n<label> Su apellido y nombre \n    <span class=\"wpcf7-form-control-wrap\" data-name=\"nom\"><input size=\"40\" maxlength=\"400\" class=\"wpcf7-form-control wpcf7-text wpcf7-validates-as-required\" aria-required=\"true\" aria-invalid=\"false\" value=\"\" type=\"text\" name=\"nom\" \/><\/span> <\/label>\n\n<label> Su direcci\u00f3n \n    <span class=\"wpcf7-form-control-wrap\" data-name=\"adresse\"><input size=\"40\" maxlength=\"400\" class=\"wpcf7-form-control wpcf7-text wpcf7-validates-as-required\" aria-required=\"true\" aria-invalid=\"false\" value=\"\" type=\"text\" name=\"adresse\" \/><\/span> <\/label>\n\n<label> ciudad \n    <span class=\"wpcf7-form-control-wrap\" data-name=\"ville\"><input size=\"40\" maxlength=\"400\" class=\"wpcf7-form-control wpcf7-text wpcf7-validates-as-required\" aria-required=\"true\" aria-invalid=\"false\" value=\"\" type=\"text\" name=\"ville\" \/><\/span> <\/label>\n\n<label>C\u00f3digo postal\n    <span class=\"wpcf7-form-control-wrap\" data-name=\"cp\"><input size=\"40\" maxlength=\"400\" class=\"wpcf7-form-control wpcf7-text wpcf7-validates-as-required\" aria-required=\"true\" aria-invalid=\"false\" value=\"\" type=\"text\" name=\"cp\" \/><\/span> <\/label>\n\n<label> Pa\u00eds \n    <span class=\"wpcf7-form-control-wrap\" data-name=\"pays\"><input size=\"40\" maxlength=\"400\" class=\"wpcf7-form-control wpcf7-text wpcf7-validates-as-required\" aria-required=\"true\" aria-invalid=\"false\" value=\"\" type=\"text\" name=\"pays\" \/><\/span> <\/label>\n\n\n\n\n<label> Tel\u00e9fono \n    <span class=\"wpcf7-form-control-wrap\" data-name=\"telephone\"><input size=\"40\" maxlength=\"400\" class=\"wpcf7-form-control wpcf7-text wpcf7-validates-as-required\" aria-required=\"true\" aria-invalid=\"false\" value=\"\" type=\"text\" name=\"telephone\" \/><\/span> <\/label>\n\n<label> Direcci\u00f3n de correo electr\u00f3nico (obligatorio)\n    <span class=\"wpcf7-form-control-wrap\" data-name=\"email\"><input size=\"40\" maxlength=\"400\" class=\"wpcf7-form-control wpcf7-email wpcf7-validates-as-required wpcf7-text wpcf7-validates-as-email\" aria-required=\"true\" aria-invalid=\"false\" value=\"\" type=\"email\" name=\"email\" \/><\/span> <\/label>\n<\/fieldset>\n\n<fieldset>\n <legend>Su estancia<\/legend>\n\n<label> Fecha de llegada\n    <span class=\"wpcf7-form-control-wrap\" data-name=\"date-arrivee\"><input size=\"40\" maxlength=\"400\" class=\"wpcf7-form-control wpcf7-text wpcf7-validates-as-required\" aria-required=\"true\" aria-invalid=\"false\" value=\"\" type=\"text\" name=\"date-arrivee\" \/><\/span> <\/label>\n\n<label> Fecha de salida \n    <span class=\"wpcf7-form-control-wrap\" data-name=\"date-depart\"><input size=\"40\" maxlength=\"400\" class=\"wpcf7-form-control wpcf7-text wpcf7-validates-as-required\" aria-required=\"true\" aria-invalid=\"false\" value=\"\" type=\"text\" name=\"date-depart\" \/><\/span> <\/label>\n\n<div class=\"cell-form\">\n<label> adultos\n<span class=\"wpcf7-form-control-wrap\" data-name=\"nb-adultes\"><input class=\"wpcf7-form-control wpcf7-number wpcf7-validates-as-required wpcf7-validates-as-number\" min=\"1\" max=\"30\" aria-required=\"true\" aria-invalid=\"false\" value=\"1\" type=\"number\" name=\"nb-adultes\" \/><\/span><\/label>\n<\/div>\n<div class=\"cell-form\">\n<label> ni\u00f1os\n<span class=\"wpcf7-form-control-wrap\" data-name=\"nb-enfants\"><input class=\"wpcf7-form-control wpcf7-number wpcf7-validates-as-required wpcf7-validates-as-number\" min=\"0\" max=\"30\" aria-required=\"true\" aria-invalid=\"false\" value=\"0\" type=\"number\" name=\"nb-enfants\" \/><\/span><\/label>\n<\/div>\n\n<div class=\"clear-fix\"><\/div>\n<\/fieldset>\n<fieldset>\n <legend>Escoja Vuestro tipo de alojamiento<\/legend>\n\n\n\n<span class=\"wpcf7-form-control-wrap\" data-name=\"type-hebergement\"><select class=\"wpcf7-form-control wpcf7-select wpcf7-validates-as-required\" aria-required=\"true\" aria-invalid=\"false\" name=\"type-hebergement\"><option value=\"\">&#8212;Veuillez choisir une option&#8212;<\/option><option value=\"Camping\">Camping<\/option><option value=\"Chalet T5 (5 lugares con sanitarios)\">Chalet T5 (5 lugares con sanitarios)<\/option><option value=\"Chalet T4 (4 lugares con sanitarios)\">Chalet T4 (4 lugares con sanitarios)<\/option><option value=\"Chalet T2 (2 lugares con sanitarios)\">Chalet T2 (2 lugares con sanitarios)<\/option><option value=\"La Casita (5 lugares con sanitarios)\">La Casita (5 lugares con sanitarios)<\/option><\/select><\/span>\n<\/fieldset>\n\n\n\n<div data-id=\"group-commentaire\" data-orig_data_id=\"group-commentaire\"  class=\"\" data-class=\"wpcf7cf_group\">\n\n<div class=\"clear-fix\"><\/div>\n<fieldset>\n <legend>Deseo particular :  <\/legend>\n\n<span class=\"wpcf7-form-control-wrap\" data-name=\"commentaires\"><textarea cols=\"40\" rows=\"10\" maxlength=\"2000\" class=\"wpcf7-form-control wpcf7-textarea\" aria-invalid=\"false\" name=\"commentaires\"><\/textarea><\/span>\n\n<\/fieldset>\n\n<\/div>\n\n<div data-id=\"group-camping\" data-orig_data_id=\"group-camping\"  class=\"\" data-class=\"wpcf7cf_group\">\n\n\n<fieldset>\n<legend>Si usted quiere venir con animales, por favor mencione :<\/legend>\n<div class=\"cell-form\">\n<label>N\u00famero de animales\n<span class=\"wpcf7-form-control-wrap\" data-name=\"nb-animaux\"><input class=\"wpcf7-form-control wpcf7-number wpcf7-validates-as-required wpcf7-validates-as-number\" min=\"0\" max=\"4\" aria-required=\"true\" aria-invalid=\"false\" value=\"0\" type=\"number\" name=\"nb-animaux\" \/><\/span><\/label>\n<\/div>\n<\/fieldset>\n\n<fieldset>\n <legend>Mat\u00e9riel camping:<\/legend>\n<div class=\"cell-form-label\">Caravana(s)<\/div>\n<div class=\"cell-form\"><label>N\u00famero\n<span class=\"wpcf7-form-control-wrap\" data-name=\"caravanes-nb\"><input class=\"wpcf7-form-control wpcf7-number wpcf7-validates-as-required wpcf7-validates-as-number\" min=\"0\" max=\"30\" aria-required=\"true\" aria-invalid=\"false\" value=\"0\" type=\"number\" name=\"caravanes-nb\" \/><\/span><\/label>\n<\/div>\n<div class=\"cell-form\"><label>Longitud (en metros)\n<span class=\"wpcf7-form-control-wrap\" data-name=\"caravanes-longueur\"><input class=\"wpcf7-form-control wpcf7-number wpcf7-validates-as-required wpcf7-validates-as-number\" min=\"0\" max=\"30\" aria-required=\"true\" aria-invalid=\"false\" value=\"0\" type=\"number\" name=\"caravanes-longueur\" \/><\/span><\/label>\n<\/div>\n<div class=\"clear-fix\"><\/div>\n\n<div class=\"cell-form-label\">coche(s)<\/div>\n<div class=\"cell-form\"><label>N\u00famero\n<span class=\"wpcf7-form-control-wrap\" data-name=\"voiture-nb\"><input class=\"wpcf7-form-control wpcf7-number wpcf7-validates-as-required wpcf7-validates-as-number\" min=\"0\" max=\"30\" aria-required=\"true\" aria-invalid=\"false\" value=\"0\" type=\"number\" name=\"voiture-nb\" \/><\/span><\/label>\n<\/div>\n\n\n<div class=\"clear-fix\"><\/div>\n<div class=\"cell-form-label\">Motocicleta(s)<\/div>\n<div class=\"cell-form\"><label>N\u00famero\n<span class=\"wpcf7-form-control-wrap\" data-name=\"motos-nb\"><input class=\"wpcf7-form-control wpcf7-number wpcf7-validates-as-required wpcf7-validates-as-number\" min=\"0\" max=\"30\" aria-required=\"true\" aria-invalid=\"false\" value=\"0\" type=\"number\" name=\"motos-nb\" \/><\/span><\/label>\n<\/div>\n\n\n<div class=\"clear-fix\"><\/div>\n<div class=\"cell-form-label\">\nRemolque(s)\n<\/div>\n<div class=\"cell-form\"><label>N\u00famero\n<span class=\"wpcf7-form-control-wrap\" data-name=\"remorques-nb\"><input class=\"wpcf7-form-control wpcf7-number wpcf7-validates-as-required wpcf7-validates-as-number\" min=\"0\" max=\"30\" aria-required=\"true\" aria-invalid=\"false\" value=\"0\" type=\"number\" name=\"remorques-nb\" \/><\/span>\n<\/label>\n<\/div>\n<div class=\"cell-form\"><label>Ancho (en metros)\n<span class=\"wpcf7-form-control-wrap\" data-name=\"remorques-taille-largeur\"><input class=\"wpcf7-form-control wpcf7-number wpcf7-validates-as-required wpcf7-validates-as-number\" min=\"0\" max=\"30\" aria-required=\"true\" aria-invalid=\"false\" value=\"0\" type=\"number\" name=\"remorques-taille-largeur\" \/><\/span><\/label>\n<\/div>\n<div class=\"cell-form\"><label>Longitud (en metros)\n<span class=\"wpcf7-form-control-wrap\" data-name=\"remorques-taille-longeur\"><input class=\"wpcf7-form-control wpcf7-number wpcf7-validates-as-required wpcf7-validates-as-number\" min=\"0\" max=\"30\" aria-required=\"true\" aria-invalid=\"false\" value=\"0\" type=\"number\" name=\"remorques-taille-longeur\" \/><\/span><\/label>\n<\/div>\n\n\n<div class=\"clear-fix\"><\/div>\n<div class=\"cell-form-label\">\nTienda(s)\n<\/div>\n<div class=\"cell-form\"><label>N\u00famero\n<span class=\"wpcf7-form-control-wrap\" data-name=\"tentes-nb\"><input class=\"wpcf7-form-control wpcf7-number wpcf7-validates-as-required wpcf7-validates-as-number\" min=\"0\" max=\"30\" aria-required=\"true\" aria-invalid=\"false\" value=\"0\" type=\"number\" name=\"tentes-nb\" \/><\/span>\n<\/label>\n<\/div>\n<div class=\"cell-form\"><label>Ancho (en metros)\n<span class=\"wpcf7-form-control-wrap\" data-name=\"tentes-taille-largeur\"><input class=\"wpcf7-form-control wpcf7-number wpcf7-validates-as-required wpcf7-validates-as-number\" min=\"0\" max=\"30\" aria-required=\"true\" aria-invalid=\"false\" value=\"0\" type=\"number\" name=\"tentes-taille-largeur\" \/><\/span>\n<\/label>\n<\/div>\n<div class=\"cell-form\"><label>Longitud (en metros)\n<span class=\"wpcf7-form-control-wrap\" data-name=\"tentes-taille-longeur\"><input class=\"wpcf7-form-control wpcf7-number wpcf7-validates-as-required wpcf7-validates-as-number\" min=\"0\" max=\"30\" aria-required=\"true\" aria-invalid=\"false\" value=\"0\" type=\"number\" name=\"tentes-taille-longeur\" \/><\/span>\n<\/label>\n<\/div>\n\n\n<div class=\"clear-fix\"><\/div>\n<div class=\"cell-form-label\">\nRemolque tienda \n<\/div>\n<div class=\"cell-form\"><label>N\u00famero\n<span class=\"wpcf7-form-control-wrap\" data-name=\"tentes-remorques-nb\"><input class=\"wpcf7-form-control wpcf7-number wpcf7-validates-as-required wpcf7-validates-as-number\" min=\"0\" max=\"30\" aria-required=\"true\" aria-invalid=\"false\" value=\"0\" type=\"number\" name=\"tentes-remorques-nb\" \/><\/span>\n<\/label>\n<\/div>\n<div class=\"cell-form\"><label>Ancho (en metros)\n<span class=\"wpcf7-form-control-wrap\" data-name=\"tentes-remorques-taille-largeur\"><input class=\"wpcf7-form-control wpcf7-number wpcf7-validates-as-required wpcf7-validates-as-number\" min=\"0\" max=\"30\" aria-required=\"true\" aria-invalid=\"false\" value=\"0\" type=\"number\" name=\"tentes-remorques-taille-largeur\" \/><\/span>\n<\/label>\n<\/div>\n<div class=\"cell-form\"><label>Longitud (en metros)\n<span class=\"wpcf7-form-control-wrap\" data-name=\"tentes-remorques-taille-longeur\"><input class=\"wpcf7-form-control wpcf7-number wpcf7-validates-as-required wpcf7-validates-as-number\" min=\"0\" max=\"30\" aria-required=\"true\" aria-invalid=\"false\" value=\"0\" type=\"number\" name=\"tentes-remorques-taille-longeur\" \/><\/span>\n<\/label>\n<\/div>\n\n<div class=\"clear-fix\"><\/div>\n<div class=\"cell-form-label\">\nTienda(s) adicional\n<\/div>\n<div class=\"cell-form\"><label>N\u00famero\n<span class=\"wpcf7-form-control-wrap\" data-name=\"tentes-sup-nb\"><input class=\"wpcf7-form-control wpcf7-number wpcf7-validates-as-required wpcf7-validates-as-number\" min=\"0\" max=\"30\" aria-required=\"true\" aria-invalid=\"false\" value=\"0\" type=\"number\" name=\"tentes-sup-nb\" \/><\/span>\n<\/label>\n<\/div>\n<div class=\"cell-form\"><label>Ancho (en metros)\n<span class=\"wpcf7-form-control-wrap\" data-name=\"tentes-sup-taille-largeur\"><input class=\"wpcf7-form-control wpcf7-number wpcf7-validates-as-required wpcf7-validates-as-number\" min=\"0\" max=\"30\" aria-required=\"true\" aria-invalid=\"false\" value=\"0\" type=\"number\" name=\"tentes-sup-taille-largeur\" \/><\/span>\n<\/label>\n<\/div>\n<div class=\"cell-form\"><label>Longitud (en metros)\n<span class=\"wpcf7-form-control-wrap\" data-name=\"tentes-sup-taille-longeur\"><input class=\"wpcf7-form-control wpcf7-number wpcf7-validates-as-required wpcf7-validates-as-number\" min=\"0\" max=\"30\" aria-required=\"true\" aria-invalid=\"false\" value=\"0\" type=\"number\" name=\"tentes-sup-taille-longeur\" \/><\/span>\n<\/label>\n<\/div>\n\n\n\n<div class=\"clear-fix\"><\/div>\n<div class=\"cell-form-label\">Autocaravana\n<\/div>\n<div class=\"cell-form\"><label>N\u00famero\n<span class=\"wpcf7-form-control-wrap\" data-name=\"camping-car-nb\"><input class=\"wpcf7-form-control wpcf7-number wpcf7-validates-as-required wpcf7-validates-as-number\" min=\"0\" max=\"30\" aria-required=\"true\" aria-invalid=\"false\" value=\"0\" type=\"number\" name=\"camping-car-nb\" \/><\/span><\/label>\n<\/div>\n<div class=\"cell-form\"><label>Longitud (en metros)\n<span class=\"wpcf7-form-control-wrap\" data-name=\"camping-car-taille-longeur\"><input class=\"wpcf7-form-control wpcf7-number wpcf7-validates-as-required wpcf7-validates-as-number\" min=\"0\" max=\"30\" aria-required=\"true\" aria-invalid=\"false\" value=\"0\" type=\"number\" name=\"camping-car-taille-longeur\" \/><\/span><\/label>\n<\/div>\n\n<div class=\"clear-fix\"><\/div>\n<div class=\"cell-form-label\">\nelectricidad\n<\/div>\n<div class=\"cell-form cell-form-radio\">\n<span class=\"wpcf7-form-control-wrap\" data-name=\"electricite-camping\"><span class=\"wpcf7-form-control wpcf7-radio\"><span class=\"wpcf7-list-item first\"><input type=\"radio\" name=\"electricite-camping\" value=\"s\u00ed\" checked=\"checked\" \/><span class=\"wpcf7-list-item-label\">s\u00ed<\/span><\/span><span class=\"wpcf7-list-item last\"><input type=\"radio\" name=\"electricite-camping\" value=\"No\" \/><span class=\"wpcf7-list-item-label\">No<\/span><\/span><\/span><\/span>\n<\/div>\n\n<div class=\"clear-fix\"><\/div>\n<label>Deseo particular relativo el emplazamiento de camping \n<span class=\"wpcf7-form-control-wrap\" data-name=\"souhait\"><textarea cols=\"40\" rows=\"10\" maxlength=\"2000\" class=\"wpcf7-form-control wpcf7-textarea\" aria-invalid=\"false\" name=\"souhait\"><\/textarea><\/span><\/label>\n\n<\/fieldset>\n<\/div>\n<div class=\"clear-fix\"><\/div>\n<br>\n<input class=\"wpcf7-form-control wpcf7-submit has-spinner\" type=\"submit\" value=\"Enviar\" \/>\n<br>\n<br>\n<br><div class=\"wpcf7-response-output\" aria-hidden=\"true\"><\/div>\n<\/form>\n<\/div>\n\n","protected":false},"excerpt":{"rendered":"<p>Abierto del 15 de abril a 30 de septiembre No se aceptan grupos en Temporada Alta, para Temporada Baja la direcci\u00f3n se reserva el derecho de rechazar solicitudes de grupos para garantizar la calma y tranquilidad de sus dem\u00e1s clientes (obligaciones de contactarnos por tel\u00e9fono o correo electr\u00f3nico). El alquiler de menos de una semana [&hellip;]<\/p>\n","protected":false},"author":1,"featured_media":0,"parent":0,"menu_order":0,"comment_status":"closed","ping_status":"closed","template":"page-with-sidebar.php","meta":{"footnotes":""},"class_list":["post-1144","page","type-page","status-publish","hentry"],"_links":{"self":[{"href":"https:\/\/www.camping-sainte-madeleine.com\/es\/wp-json\/wp\/v2\/pages\/1144","targetHints":{"allow":["GET"]}}],"collection":[{"href":"https:\/\/www.camping-sainte-madeleine.com\/es\/wp-json\/wp\/v2\/pages"}],"about":[{"href":"https:\/\/www.camping-sainte-madeleine.com\/es\/wp-json\/wp\/v2\/types\/page"}],"author":[{"embeddable":true,"href":"https:\/\/www.camping-sainte-madeleine.com\/es\/wp-json\/wp\/v2\/users\/1"}],"replies":[{"embeddable":true,"href":"https:\/\/www.camping-sainte-madeleine.com\/es\/wp-json\/wp\/v2\/comments?post=1144"}],"version-history":[{"count":15,"href":"https:\/\/www.camping-sainte-madeleine.com\/es\/wp-json\/wp\/v2\/pages\/1144\/revisions"}],"predecessor-version":[{"id":32621,"href":"https:\/\/www.camping-sainte-madeleine.com\/es\/wp-json\/wp\/v2\/pages\/1144\/revisions\/32621"}],"wp:attachment":[{"href":"https:\/\/www.camping-sainte-madeleine.com\/es\/wp-json\/wp\/v2\/media?parent=1144"}],"curies":[{"name":"wp","href":"https:\/\/api.w.org\/{rel}","templated":true}]}}