{"id":829,"date":"2017-11-16T08:56:04","date_gmt":"2017-11-16T07:56:04","guid":{"rendered":"https:\/\/www.camping-sainte-madeleine.com\/tarifs-chalets\/"},"modified":"2025-11-01T15:40:44","modified_gmt":"2025-11-01T14:40:44","slug":"tarifs-chalets","status":"publish","type":"page","link":"https:\/\/www.camping-sainte-madeleine.com\/de\/tarifs-chalets\/","title":{"rendered":"Preise Chalets"},"content":{"rendered":"<h3 align=\"center\"><strong><span id=\"result_box\" class=\"short_text\" lang=\"de\" tabindex=\"-1\">Ge\u00f6ffnet vom 15 April bis 30 September<\/span><\/strong><\/h3>\n<h3 align=\"center\"><strong><u>Buchungen <\/u><\/strong><strong><u>f\u00fcr das n\u00e4chste Jahr <\/u><\/strong><strong><u>beginnen im Januar 2026<\/u><\/strong><\/h3>\n<p><strong>\u00a0<\/strong><\/p>\n<p><strong><span id=\"result_box\" class=\"\" lang=\"de\" tabindex=\"-1\">Unabh\u00e4ngig von der Dauer des Aufenthalts wird ein Kautionsscheck in H\u00f6he von 100 Euro f\u00fcr die Endreinigung verlangt und am Tag der Abreise nach dem Inventar und nach der vollst\u00e4ndigen \u00dcberpr\u00fcfung der Sauberkeit des Ferienhauses zur\u00fcckgegeben (falls der Kunde nicht anwesend sein kann, Die Kaution wird bei Zahlung in bar per Bank\u00fcberweisung zur\u00fcckerstattet.<\/span><\/strong><span id=\"result_box\" class=\"\" lang=\"de\" tabindex=\"-1\"><\/span><\/p>\n<p><strong>Gruppen werden in der Hochsaison nicht akzeptiert, f\u00fcr die Nebensaison beh\u00e4lt sich der Gesch\u00e4ftsf\u00fchrung \u00a0das Recht vor, Gruppenanfragen abzulehnen, um die Ruhe und Gelassenheit seiner anderen Kunden zu gew\u00e4hrleisten (Verpflichtung, uns per Telefon oder E-Mail zu kontaktieren).<\/strong><\/p>\n<p><strong>Bei Elektroautos betr\u00e4gt die Zufahrt zum Chalet, sofern diese m\u00f6glich sind 10 Euro Aufladezuschlag pro Nacht.<\/strong><\/p>\n<p><strong><span id=\"result_box\" class=\"\" lang=\"de\" tabindex=\"-1\">F\u00fcr die Ruhe von jedem, Kein Zelt wird auf dem Grundst\u00fcck der chalets erlaubt sein!<\/span><\/strong><\/p>\n<p><strong><span id=\"result_box\" class=\"\" lang=\"de\" tabindex=\"-1\">Vermietung weniger als eine Woche ist nur m\u00f6glich au\u00dferhalb der Saison ist abh\u00e4ngig von der Verf\u00fcgbarkeit.<\/span><\/strong><\/p>\n<p><strong><span class=\"HwtZe\" lang=\"de\"><span class=\"jCAhz ChMk0b\"><span class=\"ryNqvb\">Im Juli und August k\u00f6nnen Sie nur f\u00fcr mindestens 7 N\u00e4chte buchen, die Anreise ist von 16:00 bis 20:00 Uhr, die Abreise ist vor 10:00 Uhr<\/span><\/span><\/span>.<\/strong><span id=\"result_box\" class=\"\" lang=\"de\" tabindex=\"-1\"><\/span><\/p>\n<p><strong>Zahlungsmethoden f\u00fcr die Reservierung (Anzahlung ) : Bank\u00fcberweisung, Einschreibebrief, Die Reservierung \u00fcbernimmt keine extra Kosten.<\/strong><\/p>\n<p><strong>Leider akzeptieren wir keine Kreditkarte und Debitkarte. <\/strong><\/p>\n<p style=\"text-align: center;\"><strong>Wir k\u00f6nnen in <u>unsere chalets die tiere nicht empfangen, danke f\u00fcr Ihre Auffassungsgabe<\/u><\/strong><strong>\u00a0<\/strong><\/p>\n<h3 align=\"center\"><strong><u>PREISE CHALETS 2026 PRO WOCHE<br \/>\n<\/u><\/strong><\/h3>\n<div align=\"center\">\n<table class=\"tarif\" style=\"height: 381px;\" border=\"1\" width=\"807\" cellspacing=\"0\" cellpadding=\"0\">\n<tbody>\n<tr>\n<td valign=\"top\" width=\"567\"><strong>DATEN<\/strong><\/td>\n<td valign=\"top\" width=\"189\">\n<p align=\"center\"><strong>T2<\/strong><\/p>\n<\/td>\n<td valign=\"top\" width=\"189\">\n<p align=\"center\"><strong>T4<\/strong><\/p>\n<\/td>\n<td valign=\"top\" width=\"189\">\n<p align=\"center\"><strong>T5<\/strong><\/p>\n<\/td>\n<\/tr>\n<tr>\n<td valign=\"top\" width=\"567\"><strong>\u00a015 april &#8211; 20 juni <\/strong><\/td>\n<td valign=\"top\" width=\"189\">\n<p align=\"center\"><strong>390 \u20ac<\/strong><\/p>\n<\/td>\n<td valign=\"top\" width=\"189\">\n<p align=\"center\"><strong>405 \u20ac<br \/>\n<\/strong><\/p>\n<\/td>\n<td valign=\"top\" width=\"189\">\n<p align=\"center\"><strong>420 \u20ac<br \/>\n<\/strong><\/p>\n<\/td>\n<\/tr>\n<tr>\n<td valign=\"top\" width=\"567\"><strong>\u00a020 juni &#8211; 5 juli <\/strong><\/td>\n<td valign=\"top\" width=\"189\">\n<p align=\"center\"><strong>500 \u20ac<br \/>\n<\/strong><\/p>\n<\/td>\n<td valign=\"top\" width=\"189\">\n<p align=\"center\"><strong>525 \u20ac<br \/>\n<\/strong><\/p>\n<\/td>\n<td valign=\"top\" width=\"189\">\n<p align=\"center\"><strong>550 \u20ac<br \/>\n<\/strong><\/p>\n<\/td>\n<\/tr>\n<tr>\n<td valign=\"top\" width=\"567\"><strong>\u00a05 juli &#8211;\u00a0 25 august <\/strong>(hochsaison)<\/td>\n<td valign=\"top\" width=\"189\">\n<p align=\"center\"><strong>610 \u20ac<br \/>\n<\/strong><\/p>\n<\/td>\n<td valign=\"top\" width=\"189\">\n<p align=\"center\"><strong>660 \u20ac<br \/>\n<\/strong><\/p>\n<\/td>\n<td valign=\"top\" width=\"189\">\n<p align=\"center\"><strong>690 \u20ac<br \/>\n<\/strong><\/p>\n<\/td>\n<\/tr>\n<tr>\n<td valign=\"top\" width=\"567\"><strong>\u00a025 august &#8211; 5 september<\/strong><\/td>\n<td valign=\"top\" width=\"189\">\n<p align=\"center\"><strong>500 \u20ac<br \/>\n<\/strong><\/p>\n<\/td>\n<td valign=\"top\" width=\"189\">\n<p align=\"center\"><strong>525 \u20ac<br \/>\n<\/strong><\/p>\n<\/td>\n<td valign=\"top\" width=\"189\">\n<p align=\"center\"><strong>550 \u20ac<br \/>\n<\/strong><\/p>\n<\/td>\n<\/tr>\n<tr>\n<td valign=\"top\" width=\"567\"><strong>\u00a05 september &#8211; 30 september<\/strong><\/td>\n<td valign=\"top\" width=\"189\">\n<p align=\"center\"><strong>390 \u20ac<br \/>\n<\/strong><\/p>\n<\/td>\n<td valign=\"top\" width=\"189\">\n<p align=\"center\"><strong>405 \u20ac<br \/>\n<\/strong><\/p>\n<\/td>\n<td valign=\"top\" width=\"189\">\n<p align=\"center\"><strong>420 \u20ac<br \/>\n<\/strong><\/p>\n<\/td>\n<\/tr>\n<tr>\n<td colspan=\"4\" valign=\"top\" width=\"567\"><strong>Kurtaxe pro tag und pro person + 18 jahre 0.67 euro<br \/>\n<\/strong><\/td>\n<\/tr>\n<\/tbody>\n<\/table>\n<\/div>\n<p style=\"text-align: center;\"><strong>\u00a0<\/strong><\/p>\n","protected":false},"excerpt":{"rendered":"<p>Ge\u00f6ffnet vom 15 April bis 30 September Buchungen f\u00fcr das n\u00e4chste Jahr beginnen im Januar 2026 \u00a0 Unabh\u00e4ngig von der Dauer des Aufenthalts wird ein Kautionsscheck in H\u00f6he von 100 Euro f\u00fcr die Endreinigung verlangt und am Tag der Abreise nach dem Inventar und nach der vollst\u00e4ndigen \u00dcberpr\u00fcfung der Sauberkeit des Ferienhauses zur\u00fcckgegeben (falls der [&hellip;]<\/p>\n","protected":false},"author":1,"featured_media":0,"parent":0,"menu_order":0,"comment_status":"closed","ping_status":"closed","template":"page-with-sidebar.php","meta":{"footnotes":""},"class_list":["post-829","page","type-page","status-publish","hentry"],"_links":{"self":[{"href":"https:\/\/www.camping-sainte-madeleine.com\/de\/wp-json\/wp\/v2\/pages\/829","targetHints":{"allow":["GET"]}}],"collection":[{"href":"https:\/\/www.camping-sainte-madeleine.com\/de\/wp-json\/wp\/v2\/pages"}],"about":[{"href":"https:\/\/www.camping-sainte-madeleine.com\/de\/wp-json\/wp\/v2\/types\/page"}],"author":[{"embeddable":true,"href":"https:\/\/www.camping-sainte-madeleine.com\/de\/wp-json\/wp\/v2\/users\/1"}],"replies":[{"embeddable":true,"href":"https:\/\/www.camping-sainte-madeleine.com\/de\/wp-json\/wp\/v2\/comments?post=829"}],"version-history":[{"count":32,"href":"https:\/\/www.camping-sainte-madeleine.com\/de\/wp-json\/wp\/v2\/pages\/829\/revisions"}],"predecessor-version":[{"id":36392,"href":"https:\/\/www.camping-sainte-madeleine.com\/de\/wp-json\/wp\/v2\/pages\/829\/revisions\/36392"}],"wp:attachment":[{"href":"https:\/\/www.camping-sainte-madeleine.com\/de\/wp-json\/wp\/v2\/media?parent=829"}],"curies":[{"name":"wp","href":"https:\/\/api.w.org\/{rel}","templated":true}]}}