{"id":1136,"date":"2017-11-15T15:38:37","date_gmt":"2017-11-15T14:38:37","guid":{"rendered":"https:\/\/www.camping-sainte-madeleine.com\/reservation\/"},"modified":"2025-04-28T17:15:53","modified_gmt":"2025-04-28T15:15:53","slug":"buchungen","status":"publish","type":"page","link":"https:\/\/www.camping-sainte-madeleine.com\/de\/buchungen\/","title":{"rendered":"Buchungen"},"content":{"rendered":"<p><strong><span style=\"font-family: Times New Roman,Times,serif; font-size: x-large;\"><span id=\"result_box\" class=\"short_text\" lang=\"de\" tabindex=\"-1\"><span class=\"\">Ge\u00f6ffnet vom 15 April bis 30 September<\/span><\/span><\/span><\/strong><\/p>\n<h3><strong><u>Buchungen f\u00fcr das n\u00e4chste Jahr beginnen im Januar 2026<\/u><\/strong><\/h3>\n<p><strong>Gruppen werden in der Hochsaison nicht akzeptiert, f\u00fcr die Nebensaison beh\u00e4lt sich der Gesch\u00e4ftsf\u00fchrung \u00a0das Recht vor, Gruppenanfragen abzulehnen, um die Ruhe und Gelassenheit seiner anderen Kunden zu gew\u00e4hrleisten (Verpflichtung, uns per Telefon oder E-Mail zu kontaktieren).<\/strong><\/p>\n<p><strong><span id=\"result_box\" class=\"\" lang=\"de\" tabindex=\"-1\">Vermietung weniger als eine Woche ist nur m\u00f6glich\u00a0 au\u00dferhalb der Saison ab 3 N\u00e4chte,\u00a0 ist abh\u00e4ngig von der Verf\u00fcgbarkeit.<\/span><\/strong><\/p>\n<p><strong>Bei Elektroautos betr\u00e4gt die Zufahrt zum Chalet, sofern diese m\u00f6glich sind 10 Euro Aufladezuschlag pro Nacht.<\/strong><\/p>\n<p><strong>In unseren Chalets k\u00f6nnen keine Tiere untergebracht werden. Vielen Dank f\u00fcr Ihr Verst\u00e4ndnis.<\/strong><\/p>\n<p><strong>Wir werden Ihnen innerhalb von 24 Stunden bis 48 Stunden antworten (wenn Sie keine schnelle Antwort haben, rufen Sie an oder sehen Sie Ihren Spam box)<\/strong><\/p>\n\n<div class=\"wpcf7 no-js\" id=\"wpcf7-f1163-o1\" lang=\"fr-FR\" dir=\"ltr\" data-wpcf7-id=\"1163\">\n<div class=\"screen-reader-response\"><p role=\"status\" aria-live=\"polite\" aria-atomic=\"true\"><\/p> <ul><\/ul><\/div>\n<form action=\"\/de\/wp-json\/wp\/v2\/pages\/1136#wpcf7-f1163-o1\" method=\"post\" class=\"wpcf7-form init\" aria-label=\"Formulaire de contact\" novalidate=\"novalidate\" data-status=\"init\">\n<fieldset class=\"hidden-fields-container\"><input type=\"hidden\" name=\"_wpcf7\" value=\"1163\" \/><input type=\"hidden\" name=\"_wpcf7_version\" value=\"6.1.5\" \/><input type=\"hidden\" name=\"_wpcf7_locale\" value=\"fr_FR\" \/><input type=\"hidden\" name=\"_wpcf7_unit_tag\" value=\"wpcf7-f1163-o1\" \/><input type=\"hidden\" name=\"_wpcf7_container_post\" value=\"0\" \/><input type=\"hidden\" name=\"_wpcf7_posted_data_hash\" value=\"\" \/><input type=\"hidden\" name=\"_wpcf7cf_hidden_group_fields\" value=\"[]\" \/><input type=\"hidden\" name=\"_wpcf7cf_hidden_groups\" value=\"[]\" \/><input type=\"hidden\" name=\"_wpcf7cf_visible_groups\" value=\"[]\" \/><input type=\"hidden\" name=\"_wpcf7cf_repeaters\" value=\"[]\" \/><input type=\"hidden\" name=\"_wpcf7cf_steps\" value=\"{}\" \/><input type=\"hidden\" name=\"_wpcf7cf_options\" value=\"{&quot;form_id&quot;:1163,&quot;conditions&quot;:[{&quot;then_field&quot;:&quot;group-camping&quot;,&quot;and_rules&quot;:[{&quot;if_field&quot;:&quot;type-hebergement&quot;,&quot;operator&quot;:&quot;equals&quot;,&quot;if_value&quot;:&quot;Camping&quot;}]},{&quot;then_field&quot;:&quot;group-commentaire&quot;,&quot;and_rules&quot;:[{&quot;if_field&quot;:&quot;type-hebergement&quot;,&quot;operator&quot;:&quot;not equals&quot;,&quot;if_value&quot;:&quot;Camping&quot;}]}],&quot;settings&quot;:{&quot;animation&quot;:&quot;yes&quot;,&quot;animation_intime&quot;:200,&quot;animation_outtime&quot;:200,&quot;conditions_ui&quot;:&quot;normal&quot;,&quot;notice_dismissed&quot;:false,&quot;notice_dismissed_rollback-cf7-5.6.4&quot;:true}}\" \/>\n<\/fieldset>\n<fieldset>\n<span id=\"wpcf7-69e5c5a35657a-wrapper\" class=\"wpcf7-form-control-wrap password-wrap\" style=\"display:none !important; visibility:hidden !important;\"><label for=\"wpcf7-69e5c5a35657a-field\" class=\"hp-message\">Indiquer le mot de passe ( laisser ce champ vide )<\/label><input id=\"wpcf7-69e5c5a35657a-field\"  placeholder=\"Mot de passe ?\"  class=\"wpcf7-form-control wpcf7-text\" type=\"text\" name=\"password\" value=\"\" size=\"40\" tabindex=\"-1\" autocomplete=\"new-password\" \/><\/span>\n <legend>Kontakt:<\/legend>\n<label> Ihr Name und Vorname \n    <span class=\"wpcf7-form-control-wrap\" data-name=\"nom\"><input size=\"40\" maxlength=\"400\" class=\"wpcf7-form-control wpcf7-text wpcf7-validates-as-required\" aria-required=\"true\" aria-invalid=\"false\" value=\"\" type=\"text\" name=\"nom\" \/><\/span> <\/label>\n\n<label> Ihre Adresse \n    <span class=\"wpcf7-form-control-wrap\" data-name=\"adresse\"><input size=\"40\" maxlength=\"400\" class=\"wpcf7-form-control wpcf7-text wpcf7-validates-as-required\" aria-required=\"true\" aria-invalid=\"false\" value=\"\" type=\"text\" name=\"adresse\" \/><\/span> <\/label>\n\n<label> Stadt \n    <span class=\"wpcf7-form-control-wrap\" data-name=\"ville\"><input size=\"40\" maxlength=\"400\" class=\"wpcf7-form-control wpcf7-text wpcf7-validates-as-required\" aria-required=\"true\" aria-invalid=\"false\" value=\"\" type=\"text\" name=\"ville\" \/><\/span> <\/label>\n\n<label>Postleitzahl\n    <span class=\"wpcf7-form-control-wrap\" data-name=\"cp\"><input size=\"40\" maxlength=\"400\" class=\"wpcf7-form-control wpcf7-text wpcf7-validates-as-required\" aria-required=\"true\" aria-invalid=\"false\" value=\"\" type=\"text\" name=\"cp\" \/><\/span> <\/label>\n\n<label> Land \n    <span class=\"wpcf7-form-control-wrap\" data-name=\"pays\"><input size=\"40\" maxlength=\"400\" class=\"wpcf7-form-control wpcf7-text wpcf7-validates-as-required\" aria-required=\"true\" aria-invalid=\"false\" value=\"\" type=\"text\" name=\"pays\" \/><\/span> <\/label>\n\n\n\n\n<label> Telefon \n    <span class=\"wpcf7-form-control-wrap\" data-name=\"telephone\"><input size=\"40\" maxlength=\"400\" class=\"wpcf7-form-control wpcf7-text wpcf7-validates-as-required\" aria-required=\"true\" aria-invalid=\"false\" value=\"\" type=\"text\" name=\"telephone\" \/><\/span> <\/label>\n\n<label> E-Mail-Adresse (erforderlich)\n    <span class=\"wpcf7-form-control-wrap\" data-name=\"email\"><input size=\"40\" maxlength=\"400\" class=\"wpcf7-form-control wpcf7-email wpcf7-validates-as-required wpcf7-text wpcf7-validates-as-email\" aria-required=\"true\" aria-invalid=\"false\" value=\"\" type=\"email\" name=\"email\" \/><\/span> <\/label>\n<\/fieldset>\n\n<fieldset>\n <legend>Ihr Aufenthalt<\/legend>\n\n<label> Ankunftsdatum\n    <span class=\"wpcf7-form-control-wrap\" data-name=\"date-arrivee\"><input size=\"40\" maxlength=\"400\" class=\"wpcf7-form-control wpcf7-text wpcf7-validates-as-required\" aria-required=\"true\" aria-invalid=\"false\" value=\"\" type=\"text\" name=\"date-arrivee\" \/><\/span> <\/label>\n\n<label> Abreisedatum \n    <span class=\"wpcf7-form-control-wrap\" data-name=\"date-depart\"><input size=\"40\" maxlength=\"400\" class=\"wpcf7-form-control wpcf7-text wpcf7-validates-as-required\" aria-required=\"true\" aria-invalid=\"false\" value=\"\" type=\"text\" name=\"date-depart\" \/><\/span> <\/label>\n\n<div class=\"cell-form\">\n<label> Erwachsene\n<span class=\"wpcf7-form-control-wrap\" data-name=\"nb-adultes\"><input class=\"wpcf7-form-control wpcf7-number wpcf7-validates-as-required wpcf7-validates-as-number\" min=\"1\" max=\"30\" aria-required=\"true\" aria-invalid=\"false\" value=\"1\" type=\"number\" name=\"nb-adultes\" \/><\/span><\/label>\n<\/div>\n<div class=\"cell-form\">\n<label> Kinder\n<span class=\"wpcf7-form-control-wrap\" data-name=\"nb-enfants\"><input class=\"wpcf7-form-control wpcf7-number wpcf7-validates-as-required wpcf7-validates-as-number\" min=\"0\" max=\"30\" aria-required=\"true\" aria-invalid=\"false\" value=\"0\" type=\"number\" name=\"nb-enfants\" \/><\/span><\/label>\n<\/div>\n\n<div class=\"clear-fix\"><\/div>\n<\/fieldset>\n<fieldset>\n <legend>W\u00e4hlen Sie Ihre Unterkunft:<\/legend>\n\n\n\n<span class=\"wpcf7-form-control-wrap\" data-name=\"type-hebergement\"><select class=\"wpcf7-form-control wpcf7-select wpcf7-validates-as-required\" aria-required=\"true\" aria-invalid=\"false\" name=\"type-hebergement\"><option value=\"\">&#8212;Veuillez choisir une option&#8212;<\/option><option value=\"Camping\">Camping<\/option><option value=\"Chalet T5 (5 Pl\u00e4tze mit Sanit\u00e4r)\">Chalet T5 (5 Pl\u00e4tze mit Sanit\u00e4r)<\/option><option value=\"Chalet T4 (4 Pl\u00e4tze mit Sanit\u00e4r)\">Chalet T4 (4 Pl\u00e4tze mit Sanit\u00e4r)<\/option><option value=\"Chalet T2 (2 Pl\u00e4tze mit Sanit\u00e4r)\">Chalet T2 (2 Pl\u00e4tze mit Sanit\u00e4r)<\/option><option value=\"kleines Haus (5 Pl\u00e4tze mit Sanit\u00e4r)\">kleines Haus (5 Pl\u00e4tze mit Sanit\u00e4r)<\/option><\/select><\/span>\n<\/fieldset>\n\n<div data-id=\"group-commentaire\" data-orig_data_id=\"group-commentaire\"  class=\"\" data-class=\"wpcf7cf_group\">\n\n<div class=\"clear-fix\"><\/div>\n<fieldset>\n <legend>Besondere W\u00fcnsche :  <\/legend>\n\n<span class=\"wpcf7-form-control-wrap\" data-name=\"commentaires\"><textarea cols=\"40\" rows=\"10\" maxlength=\"2000\" class=\"wpcf7-form-control wpcf7-textarea\" aria-invalid=\"false\" name=\"commentaires\"><\/textarea><\/span>\n\n<\/fieldset>\n\n<\/div>\n\n\n<div data-id=\"group-camping\" data-orig_data_id=\"group-camping\"  class=\"\" data-class=\"wpcf7cf_group\">\n\n\n<fieldset>\n<legend>Wenn Sie mit Tieren kommen m\u00f6chten, geben Sie bitte an :<\/legend>\n<div class=\"cell-form\">\n<label>Anzahl Tiere\n<span class=\"wpcf7-form-control-wrap\" data-name=\"nb-animaux\"><input class=\"wpcf7-form-control wpcf7-number wpcf7-validates-as-required wpcf7-validates-as-number\" min=\"0\" max=\"4\" aria-required=\"true\" aria-invalid=\"false\" value=\"0\" type=\"number\" name=\"nb-animaux\" \/><\/span><\/label>\n<\/div>\n<\/fieldset>\n\n<fieldset>\n <legend>Campingausr\u00fcstung:<\/legend>\n<div class=\"cell-form-label\">Wohnwagen<\/div>\n<div class=\"cell-form\"><label>Anzahl\n<span class=\"wpcf7-form-control-wrap\" data-name=\"caravanes-nb\"><input class=\"wpcf7-form-control wpcf7-number wpcf7-validates-as-required wpcf7-validates-as-number\" min=\"0\" max=\"30\" aria-required=\"true\" aria-invalid=\"false\" value=\"0\" type=\"number\" name=\"caravanes-nb\" \/><\/span><\/label>\n<\/div>\n<div class=\"cell-form\"><label>L\u00e4nge (in Metern)\n<span class=\"wpcf7-form-control-wrap\" data-name=\"caravanes-longueur\"><input class=\"wpcf7-form-control wpcf7-number wpcf7-validates-as-required wpcf7-validates-as-number\" min=\"0\" max=\"30\" aria-required=\"true\" aria-invalid=\"false\" value=\"0\" type=\"number\" name=\"caravanes-longueur\" \/><\/span><\/label>\n<\/div>\n<div class=\"clear-fix\"><\/div>\n\n<div class=\"cell-form-label\">Auto(s)<\/div>\n<div class=\"cell-form\"><label>Anzahl\n<span class=\"wpcf7-form-control-wrap\" data-name=\"voiture-nb\"><input class=\"wpcf7-form-control wpcf7-number wpcf7-validates-as-required wpcf7-validates-as-number\" min=\"0\" max=\"30\" aria-required=\"true\" aria-invalid=\"false\" value=\"0\" type=\"number\" name=\"voiture-nb\" \/><\/span><\/label>\n<\/div>\n\n\n<div class=\"clear-fix\"><\/div>\n<div class=\"cell-form-label\">Motorrad(e)<\/div>\n<div class=\"cell-form\"><label>Anzahl\n<span class=\"wpcf7-form-control-wrap\" data-name=\"motos-nb\"><input class=\"wpcf7-form-control wpcf7-number wpcf7-validates-as-required wpcf7-validates-as-number\" min=\"0\" max=\"30\" aria-required=\"true\" aria-invalid=\"false\" value=\"0\" type=\"number\" name=\"motos-nb\" \/><\/span><\/label>\n<\/div>\n\n\n<div class=\"clear-fix\"><\/div>\n<div class=\"cell-form-label\">\nTrailer(s)\n<\/div>\n<div class=\"cell-form\"><label>Anzahl\n<span class=\"wpcf7-form-control-wrap\" data-name=\"remorques-nb\"><input class=\"wpcf7-form-control wpcf7-number wpcf7-validates-as-required wpcf7-validates-as-number\" min=\"0\" max=\"30\" aria-required=\"true\" aria-invalid=\"false\" value=\"0\" type=\"number\" name=\"remorques-nb\" \/><\/span>\n<\/label>\n<\/div>\n<div class=\"cell-form\"><label>Breite (in Metern)\n<span class=\"wpcf7-form-control-wrap\" data-name=\"remorques-taille-largeur\"><input class=\"wpcf7-form-control wpcf7-number wpcf7-validates-as-required wpcf7-validates-as-number\" min=\"0\" max=\"30\" aria-required=\"true\" aria-invalid=\"false\" value=\"0\" type=\"number\" name=\"remorques-taille-largeur\" \/><\/span><\/label>\n<\/div>\n<div class=\"cell-form\"><label>L\u00e4nge (in Metern)\n<span class=\"wpcf7-form-control-wrap\" data-name=\"remorques-taille-longeur\"><input class=\"wpcf7-form-control wpcf7-number wpcf7-validates-as-required wpcf7-validates-as-number\" min=\"0\" max=\"30\" aria-required=\"true\" aria-invalid=\"false\" value=\"0\" type=\"number\" name=\"remorques-taille-longeur\" \/><\/span><\/label>\n<\/div>\n\n\n<div class=\"clear-fix\"><\/div>\n<div class=\"cell-form-label\">\nZelt(e)\n<\/div>\n<div class=\"cell-form\"><label>Anzahl\n<span class=\"wpcf7-form-control-wrap\" data-name=\"tentes-nb\"><input class=\"wpcf7-form-control wpcf7-number wpcf7-validates-as-required wpcf7-validates-as-number\" min=\"0\" max=\"30\" aria-required=\"true\" aria-invalid=\"false\" value=\"0\" type=\"number\" name=\"tentes-nb\" \/><\/span>\n<\/label>\n<\/div>\n<div class=\"cell-form\"><label>Breite (in Metern)\n<span class=\"wpcf7-form-control-wrap\" data-name=\"tentes-taille-largeur\"><input class=\"wpcf7-form-control wpcf7-number wpcf7-validates-as-required wpcf7-validates-as-number\" min=\"0\" max=\"30\" aria-required=\"true\" aria-invalid=\"false\" value=\"0\" type=\"number\" name=\"tentes-taille-largeur\" \/><\/span>\n<\/label>\n<\/div>\n<div class=\"cell-form\"><label>L\u00e4nge (in Metern)\n<span class=\"wpcf7-form-control-wrap\" data-name=\"tentes-taille-longeur\"><input class=\"wpcf7-form-control wpcf7-number wpcf7-validates-as-required wpcf7-validates-as-number\" min=\"0\" max=\"30\" aria-required=\"true\" aria-invalid=\"false\" value=\"0\" type=\"number\" name=\"tentes-taille-longeur\" \/><\/span>\n<\/label>\n<\/div>\n\n<div class=\"clear-fix\"><\/div>\n<div class=\"cell-form-label\">\nZeltanh\u00e4nger\n<\/div>\n<div class=\"cell-form\"><label>Anzahl\n<span class=\"wpcf7-form-control-wrap\" data-name=\"tentes-remorques-nb\"><input class=\"wpcf7-form-control wpcf7-number wpcf7-validates-as-required wpcf7-validates-as-number\" min=\"0\" max=\"30\" aria-required=\"true\" aria-invalid=\"false\" value=\"0\" type=\"number\" name=\"tentes-remorques-nb\" \/><\/span>\n<\/label>\n<\/div>\n<div class=\"cell-form\"><label>Breite (in Metern)\n<span class=\"wpcf7-form-control-wrap\" data-name=\"tentes-remorques-taille-largeur\"><input class=\"wpcf7-form-control wpcf7-number wpcf7-validates-as-required wpcf7-validates-as-number\" min=\"0\" max=\"30\" aria-required=\"true\" aria-invalid=\"false\" value=\"0\" type=\"number\" name=\"tentes-remorques-taille-largeur\" \/><\/span>\n<\/label>\n<\/div>\n<div class=\"cell-form\"><label>L\u00e4nge (in Metern)\n<span class=\"wpcf7-form-control-wrap\" data-name=\"tentes-remorques-taille-longeur\"><input class=\"wpcf7-form-control wpcf7-number wpcf7-validates-as-required wpcf7-validates-as-number\" min=\"0\" max=\"30\" aria-required=\"true\" aria-invalid=\"false\" value=\"0\" type=\"number\" name=\"tentes-remorques-taille-longeur\" \/><\/span>\n<\/label>\n<\/div>\n\n\n<div class=\"clear-fix\"><\/div>\n<div class=\"cell-form-label\">\nExtra Zelt(e)\n<\/div>\n<div class=\"cell-form\"><label>Anzahl\n<span class=\"wpcf7-form-control-wrap\" data-name=\"tentes-sup-nb\"><input class=\"wpcf7-form-control wpcf7-number wpcf7-validates-as-required wpcf7-validates-as-number\" min=\"0\" max=\"30\" aria-required=\"true\" aria-invalid=\"false\" value=\"0\" type=\"number\" name=\"tentes-sup-nb\" \/><\/span>\n<\/label>\n<\/div>\n<div class=\"cell-form\"><label>Breite (in Metern)\n<span class=\"wpcf7-form-control-wrap\" data-name=\"tentes-sup-taille-largeur\"><input class=\"wpcf7-form-control wpcf7-number wpcf7-validates-as-required wpcf7-validates-as-number\" min=\"0\" max=\"30\" aria-required=\"true\" aria-invalid=\"false\" value=\"0\" type=\"number\" name=\"tentes-sup-taille-largeur\" \/><\/span>\n<\/label>\n<\/div>\n<div class=\"cell-form\"><label>L\u00e4nge (in Metern)\n<span class=\"wpcf7-form-control-wrap\" data-name=\"tentes-sup-taille-longeur\"><input class=\"wpcf7-form-control wpcf7-number wpcf7-validates-as-required wpcf7-validates-as-number\" min=\"0\" max=\"30\" aria-required=\"true\" aria-invalid=\"false\" value=\"0\" type=\"number\" name=\"tentes-sup-taille-longeur\" \/><\/span>\n<\/label>\n<\/div>\n\n\n\n<div class=\"clear-fix\"><\/div>\n<div class=\"cell-form-label\">wohnmobile \n<\/div>\n<div class=\"cell-form\"><label>Anzahl\n<span class=\"wpcf7-form-control-wrap\" data-name=\"camping-car-nb\"><input class=\"wpcf7-form-control wpcf7-number wpcf7-validates-as-required wpcf7-validates-as-number\" min=\"0\" max=\"30\" aria-required=\"true\" aria-invalid=\"false\" value=\"0\" type=\"number\" name=\"camping-car-nb\" \/><\/span><\/label>\n<\/div>\n<div class=\"cell-form\"><label>L\u00e4nge (in Metern)\n<span class=\"wpcf7-form-control-wrap\" data-name=\"camping-car-taille-longeur\"><input class=\"wpcf7-form-control wpcf7-number wpcf7-validates-as-required wpcf7-validates-as-number\" min=\"0\" max=\"30\" aria-required=\"true\" aria-invalid=\"false\" value=\"0\" type=\"number\" name=\"camping-car-taille-longeur\" \/><\/span><\/label>\n<\/div>\n\n<div class=\"clear-fix\"><\/div>\n<div class=\"cell-form-label\">\nStrom \n<\/div>\n<div class=\"cell-form cell-form-radio\">\n<span class=\"wpcf7-form-control-wrap\" data-name=\"electricite-camping\"><span class=\"wpcf7-form-control wpcf7-radio\"><span class=\"wpcf7-list-item first\"><input type=\"radio\" name=\"electricite-camping\" value=\"Ja\" checked=\"checked\" \/><span class=\"wpcf7-list-item-label\">Ja<\/span><\/span><span class=\"wpcf7-list-item last\"><input type=\"radio\" name=\"electricite-camping\" value=\"Nein\" \/><span class=\"wpcf7-list-item-label\">Nein<\/span><\/span><\/span><\/span>\n<\/div>\n\n<div class=\"clear-fix\"><\/div>\n<label>Besondere W\u00fcnsche bez\u00fcglich der Stellpl\u00e4tze \n<span class=\"wpcf7-form-control-wrap\" data-name=\"souhait\"><textarea cols=\"40\" rows=\"10\" maxlength=\"2000\" class=\"wpcf7-form-control wpcf7-textarea\" aria-invalid=\"false\" name=\"souhait\"><\/textarea><\/span><\/label>\n\n<\/fieldset>\n<\/div>\n<div class=\"clear-fix\"><\/div>\n<br>\n<input class=\"wpcf7-form-control wpcf7-submit has-spinner\" type=\"submit\" value=\"Senden\" \/>\n<br>\n<br>\n<br><div class=\"wpcf7-response-output\" aria-hidden=\"true\"><\/div>\n<\/form>\n<\/div>\n\n","protected":false},"excerpt":{"rendered":"<p>Ge\u00f6ffnet vom 15 April bis 30 September Buchungen f\u00fcr das n\u00e4chste Jahr beginnen im Januar 2026 Gruppen werden in der Hochsaison nicht akzeptiert, f\u00fcr die Nebensaison beh\u00e4lt sich der Gesch\u00e4ftsf\u00fchrung \u00a0das Recht vor, Gruppenanfragen abzulehnen, um die Ruhe und Gelassenheit seiner anderen Kunden zu gew\u00e4hrleisten (Verpflichtung, uns per Telefon oder E-Mail zu kontaktieren). Vermietung weniger [&hellip;]<\/p>\n","protected":false},"author":1,"featured_media":0,"parent":0,"menu_order":0,"comment_status":"closed","ping_status":"closed","template":"page-with-sidebar.php","meta":{"footnotes":""},"class_list":["post-1136","page","type-page","status-publish","hentry"],"_links":{"self":[{"href":"https:\/\/www.camping-sainte-madeleine.com\/de\/wp-json\/wp\/v2\/pages\/1136","targetHints":{"allow":["GET"]}}],"collection":[{"href":"https:\/\/www.camping-sainte-madeleine.com\/de\/wp-json\/wp\/v2\/pages"}],"about":[{"href":"https:\/\/www.camping-sainte-madeleine.com\/de\/wp-json\/wp\/v2\/types\/page"}],"author":[{"embeddable":true,"href":"https:\/\/www.camping-sainte-madeleine.com\/de\/wp-json\/wp\/v2\/users\/1"}],"replies":[{"embeddable":true,"href":"https:\/\/www.camping-sainte-madeleine.com\/de\/wp-json\/wp\/v2\/comments?post=1136"}],"version-history":[{"count":18,"href":"https:\/\/www.camping-sainte-madeleine.com\/de\/wp-json\/wp\/v2\/pages\/1136\/revisions"}],"predecessor-version":[{"id":32625,"href":"https:\/\/www.camping-sainte-madeleine.com\/de\/wp-json\/wp\/v2\/pages\/1136\/revisions\/32625"}],"wp:attachment":[{"href":"https:\/\/www.camping-sainte-madeleine.com\/de\/wp-json\/wp\/v2\/media?parent=1136"}],"curies":[{"name":"wp","href":"https:\/\/api.w.org\/{rel}","templated":true}]}}